{"id":819,"date":"2016-09-04T19:13:53","date_gmt":"2016-09-04T18:13:53","guid":{"rendered":"http:\/\/www.lamaisondelalchimiste.fr\/?page_id=819"},"modified":"2023-06-27T15:15:00","modified_gmt":"2023-06-27T14:15:00","slug":"fanny-chassefiere","status":"publish","type":"page","link":"https:\/\/www.lamaisondelalchimiste.fr\/?page_id=819","title":{"rendered":"Fanny Chassefi\u00e8re"},"content":{"rendered":"\n<figure class=\"wp-block-image size-full is-resized\"><a href=\"https:\/\/www.lamaisondelalchimiste.fr\/wp-content\/uploads\/2022\/08\/fanny-3.jpg\"><img loading=\"lazy\" decoding=\"async\" src=\"https:\/\/www.lamaisondelalchimiste.fr\/wp-content\/uploads\/2022\/08\/fanny-3.jpg\" alt=\"\" class=\"wp-image-3203\" width=\"368\" height=\"480\" srcset=\"https:\/\/www.lamaisondelalchimiste.fr\/wp-content\/uploads\/2022\/08\/fanny-3.jpg 200w, https:\/\/www.lamaisondelalchimiste.fr\/wp-content\/uploads\/2022\/08\/fanny-3-46x60.jpg 46w\" sizes=\"auto, (max-width: 368px) 100vw, 368px\" \/><\/a><\/figure>\n\n\n<p><span style=\"text-decoration: underline;\">Mon parcours&#8230;<\/span><\/p>\n<p>2010: Dipl\u00f4m\u00e9e Professeur de Yoga par l\u2019\u00e9cole SYM (Gerry Rixen)<\/p>\n<p>2009-2011: Dipl\u00f4m\u00e9e Naturopathe par l\u2019\u00e9cole de Robert et Sandrine Masson<\/p>\n<p>2013-2017 : Formation d\u2019Ashtanga Yoga \u00e0 Arjuna Shala, form\u00e9e par Arnaud Kancel (Montpellier)<\/p>\n<p>Enseignement: depuis 2011<\/p>\n<p>2016: ouverture du Centre la Maison de l&rsquo;Alchimiste<\/p>\n<div class=\"ob-section ob-section-html\">\n<p><strong><em>Les d\u00e9buts\u2026<\/em><\/strong><\/p>\n<\/div>\n<div class=\"ob-section ob-section-html\">\n<p align=\"JUSTIFY\">En parall\u00e8le avec mon projet de cr\u00e9ation d\u2019un lieu culturel et artistique, la question du bien-\u00eatre et de la sant\u00e9 ne cessait de me tarauder, j\u2019y revenais sans cesse. Depuis plus de 10 ans, au niveau personnel j\u2019ai\u00a0 souffert de maux multiples sans aucune cause apparente. De m\u00e9decins en m\u00e9decins, d\u2019analyses m\u00e9dicales en analyses m\u00e9dicales\u2026 rien, toujours rien!\u00a0 J\u2019ai commenc\u00e9 \u00e0 entreprendre mes propres recherches, avide de r\u00e9ponses et de solutions. J\u2019ai lu beaucoup de livres en rapport avec l\u2019alimentation, les troubles nerveux, le sport, le yoga, la spiritualit\u00e9\u2026 C\u2019\u00e9tait passionnant. Mais est arriv\u00e9 un moment o\u00f9 les informations de chaque source se contredisaient en permanence\u2026 \u00e0 qui cela n\u2019est-il pas arriv\u00e9 de lire plusieurs livres sur l\u2019alimentation, o\u00f9 tous disent des choses diff\u00e9rentes et contradictoires?\u2026 Dans ce domaine c\u2019est \u00e0 en perdre son latin!! Si on fait une synth\u00e8se de ces livres on ne peut plus rien manger!!! Mais pourtant aucun n\u2019a vraiment tort\u2026 il s\u2019agit juste d\u2019un cheminement propre \u00e0 chacun pour arriver \u00e0 un \u00e9tat de mieux \u00eatre.<\/p>\n<p style=\"text-align: left;\" align=\"JUSTIFY\"><strong><em>Ma d\u00e9marche\u2026<\/em><\/strong><\/p>\n<p align=\"JUSTIFY\">Je me suis rendue compte que je ne trouverai jamais LA personne ou LA m\u00e9thode qui r\u00e9soudrait tout.. qu\u2019il s\u2019agissait de se concocter sa propre recette de sant\u00e9 (d\u2019o\u00f9 mon titre \u00ab\u00a0Devenez l\u2019alchimiste de votre sant\u00e9\u00a0\u00bb)\u00a0; que chaque individu a sa propre histoire, son propre corps, son propre caract\u00e8re, ses propres aspirations et que ce qui va \u00e0 l\u2019un n\u2019ira pas forc\u00e9ment \u00e0 l\u2019autre (comme professeur de yoga je veille particuli\u00e8rement \u00e0 adapter au maximum la pratique selon le potentiel de chacun. Tout comme la naturopathie qui doit s\u2019adapter \u00e0 chaque individu). C\u2019est en faisant un medley de recherches pioch\u00e9es \u00e0 droite \u00e0 gauche que l\u2019on parvient \u00e0 donner un sens \u00e0 sa vie, ses maux, et viser un mieux-\u00eatre. J\u2019en arrive \u00e0 l\u2019explication du titre de mon site \u00ab\u00a0La Maison de l\u2019Alchimiste\u00a0\u00bb. Je compte mettre \u00e0 disposition des cl\u00e9s, les miennes, celles que j\u2019ai cherch\u00e9 pour aller mieux, et libre \u00e0 vous de prendre celles qui vous conviennent, attisent votre curiosit\u00e9, et de laisser celles qui ne vous parlent pas, ne vous motivent pas.<\/p>\n<p align=\"JUSTIFY\"><strong><em>Pour conclure\u2026<\/em><\/strong><\/p>\n<p align=\"JUSTIFY\">A mon sens il n\u2019y a que la synergie de diff\u00e9rentes approches qui peut permettre un r\u00e9sultat optimal de sant\u00e9 et de bien-\u00eatre\u00a0! A vous de trouver l\u2019alchimie de votre sant\u00e9 et je suis l\u00e0 pour vous y aider.<\/p>\n<p align=\"JUSTIFY\">Mon objectif de mani\u00e8re plus globale est de partager des exp\u00e9riences, des rencontres autour d\u2019ateliers, de stages, de discussions autour de la sant\u00e9 et du bien-\u00eatre, et de casser les pr\u00e9jug\u00e9s, les id\u00e9es pr\u00e9d\u00e9finies qui mettent telle pratique dans telle case, tel individu dans telle case.<\/p>\n<p align=\"JUSTIFY\">N\u2019h\u00e9sitez pas \u00e0 faire part de vos trouvailles sur le site, d\u2019engager des discussions autour des th\u00e8mes qui vous passionnent, \u00e0 me poser les questions que vous voulez afin de cheminer ensemble \ud83d\ude42<\/p>\n<p align=\"JUSTIFY\">Merci de votre lecture et bienvenu (e) \u00e0 la Maison de l&rsquo;Alchimiste!<\/p>\n<p align=\"JUSTIFY\">Fanny<\/p>\n<\/div>","protected":false},"excerpt":{"rendered":"<p>Mon parcours&#8230; 2010: Dipl\u00f4m\u00e9e Professeur de Yoga par l\u2019\u00e9cole SYM (Gerry Rixen) 2009-2011: Dipl\u00f4m\u00e9e Naturopathe par l\u2019\u00e9cole de Robert et Sandrine Masson 2013-2017 : Formation &hellip; <\/p>\n","protected":false},"author":1,"featured_media":0,"parent":0,"menu_order":0,"comment_status":"closed","ping_status":"closed","template":"","meta":{"footnotes":""},"class_list":["post-819","page","type-page","status-publish","hentry","latest_post"],"yoast_head":"<!-- This site is optimized with the Yoast SEO plugin v19.4 - https:\/\/yoast.com\/wordpress\/plugins\/seo\/ -->\n<title>Fanny Chassefi\u00e8re - CENTRE DE YOGA<\/title>\n<meta name=\"robots\" content=\"index, follow, max-snippet:-1, max-image-preview:large, max-video-preview:-1\" \/>\n<link rel=\"canonical\" href=\"https:\/\/www.lamaisondelalchimiste.fr\/?page_id=819\" \/>\n<meta property=\"og:locale\" content=\"fr_FR\" \/>\n<meta property=\"og:type\" content=\"article\" \/>\n<meta property=\"og:title\" content=\"Fanny Chassefi\u00e8re - CENTRE DE YOGA\" \/>\n<meta property=\"og:description\" content=\"Mon parcours&#8230; 2010: Dipl\u00f4m\u00e9e Professeur de Yoga par l\u2019\u00e9cole SYM (Gerry Rixen) 2009-2011: Dipl\u00f4m\u00e9e Naturopathe par l\u2019\u00e9cole de Robert et Sandrine Masson 2013-2017 : Formation &hellip;\" \/>\n<meta property=\"og:url\" content=\"https:\/\/www.lamaisondelalchimiste.fr\/?page_id=819\" \/>\n<meta property=\"og:site_name\" content=\"CENTRE DE YOGA\" \/>\n<meta property=\"article:modified_time\" content=\"2023-06-27T14:15:00+00:00\" \/>\n<meta property=\"og:image\" content=\"https:\/\/www.lamaisondelalchimiste.fr\/wp-content\/uploads\/2022\/08\/fanny-3.jpg\" \/>\n<meta name=\"twitter:card\" content=\"summary_large_image\" \/>\n<meta name=\"twitter:label1\" content=\"Dur\u00e9e de lecture estim\u00e9e\" \/>\n\t<meta name=\"twitter:data1\" content=\"3 minutes\" \/>\n<script type=\"application\/ld+json\" class=\"yoast-schema-graph\">{\"@context\":\"https:\/\/schema.org\",\"@graph\":[{\"@type\":\"WebSite\",\"@id\":\"https:\/\/www.lamaisondelalchimiste.fr\/#website\",\"url\":\"https:\/\/www.lamaisondelalchimiste.fr\/\",\"name\":\"CENTRE DE YOGA\",\"description\":\"Hatha - Ashtanga - Iyengar - Vinyasa - Yin - Doux - Pilate - Massages - Th\u00e9rapies \",\"potentialAction\":[{\"@type\":\"SearchAction\",\"target\":{\"@type\":\"EntryPoint\",\"urlTemplate\":\"https:\/\/www.lamaisondelalchimiste.fr\/?s={search_term_string}\"},\"query-input\":\"required name=search_term_string\"}],\"inLanguage\":\"fr-FR\"},{\"@type\":\"WebPage\",\"@id\":\"https:\/\/www.lamaisondelalchimiste.fr\/?page_id=819\",\"url\":\"https:\/\/www.lamaisondelalchimiste.fr\/?page_id=819\",\"name\":\"Fanny Chassefi\u00e8re - CENTRE DE YOGA\",\"isPartOf\":{\"@id\":\"https:\/\/www.lamaisondelalchimiste.fr\/#website\"},\"datePublished\":\"2016-09-04T18:13:53+00:00\",\"dateModified\":\"2023-06-27T14:15:00+00:00\",\"breadcrumb\":{\"@id\":\"https:\/\/www.lamaisondelalchimiste.fr\/?page_id=819#breadcrumb\"},\"inLanguage\":\"fr-FR\",\"potentialAction\":[{\"@type\":\"ReadAction\",\"target\":[\"https:\/\/www.lamaisondelalchimiste.fr\/?page_id=819\"]}]},{\"@type\":\"BreadcrumbList\",\"@id\":\"https:\/\/www.lamaisondelalchimiste.fr\/?page_id=819#breadcrumb\",\"itemListElement\":[{\"@type\":\"ListItem\",\"position\":1,\"name\":\"Accueil\",\"item\":\"https:\/\/www.lamaisondelalchimiste.fr\/\"},{\"@type\":\"ListItem\",\"position\":2,\"name\":\"Fanny Chassefi\u00e8re\"}]}]}<\/script>\n<!-- \/ Yoast SEO plugin. -->","yoast_head_json":{"title":"Fanny Chassefi\u00e8re - CENTRE DE YOGA","robots":{"index":"index","follow":"follow","max-snippet":"max-snippet:-1","max-image-preview":"max-image-preview:large","max-video-preview":"max-video-preview:-1"},"canonical":"https:\/\/www.lamaisondelalchimiste.fr\/?page_id=819","og_locale":"fr_FR","og_type":"article","og_title":"Fanny Chassefi\u00e8re - CENTRE DE YOGA","og_description":"Mon parcours&#8230; 2010: Dipl\u00f4m\u00e9e Professeur de Yoga par l\u2019\u00e9cole SYM (Gerry Rixen) 2009-2011: Dipl\u00f4m\u00e9e Naturopathe par l\u2019\u00e9cole de Robert et Sandrine Masson 2013-2017 : Formation &hellip;","og_url":"https:\/\/www.lamaisondelalchimiste.fr\/?page_id=819","og_site_name":"CENTRE DE YOGA","article_modified_time":"2023-06-27T14:15:00+00:00","og_image":[{"url":"https:\/\/www.lamaisondelalchimiste.fr\/wp-content\/uploads\/2022\/08\/fanny-3.jpg"}],"twitter_card":"summary_large_image","twitter_misc":{"Dur\u00e9e de lecture estim\u00e9e":"3 minutes"},"schema":{"@context":"https:\/\/schema.org","@graph":[{"@type":"WebSite","@id":"https:\/\/www.lamaisondelalchimiste.fr\/#website","url":"https:\/\/www.lamaisondelalchimiste.fr\/","name":"CENTRE DE YOGA","description":"Hatha - Ashtanga - Iyengar - Vinyasa - Yin - Doux - Pilate - Massages - Th\u00e9rapies ","potentialAction":[{"@type":"SearchAction","target":{"@type":"EntryPoint","urlTemplate":"https:\/\/www.lamaisondelalchimiste.fr\/?s={search_term_string}"},"query-input":"required name=search_term_string"}],"inLanguage":"fr-FR"},{"@type":"WebPage","@id":"https:\/\/www.lamaisondelalchimiste.fr\/?page_id=819","url":"https:\/\/www.lamaisondelalchimiste.fr\/?page_id=819","name":"Fanny Chassefi\u00e8re - CENTRE DE YOGA","isPartOf":{"@id":"https:\/\/www.lamaisondelalchimiste.fr\/#website"},"datePublished":"2016-09-04T18:13:53+00:00","dateModified":"2023-06-27T14:15:00+00:00","breadcrumb":{"@id":"https:\/\/www.lamaisondelalchimiste.fr\/?page_id=819#breadcrumb"},"inLanguage":"fr-FR","potentialAction":[{"@type":"ReadAction","target":["https:\/\/www.lamaisondelalchimiste.fr\/?page_id=819"]}]},{"@type":"BreadcrumbList","@id":"https:\/\/www.lamaisondelalchimiste.fr\/?page_id=819#breadcrumb","itemListElement":[{"@type":"ListItem","position":1,"name":"Accueil","item":"https:\/\/www.lamaisondelalchimiste.fr\/"},{"@type":"ListItem","position":2,"name":"Fanny Chassefi\u00e8re"}]}]}},"_links":{"self":[{"href":"https:\/\/www.lamaisondelalchimiste.fr\/index.php?rest_route=\/wp\/v2\/pages\/819","targetHints":{"allow":["GET"]}}],"collection":[{"href":"https:\/\/www.lamaisondelalchimiste.fr\/index.php?rest_route=\/wp\/v2\/pages"}],"about":[{"href":"https:\/\/www.lamaisondelalchimiste.fr\/index.php?rest_route=\/wp\/v2\/types\/page"}],"author":[{"embeddable":true,"href":"https:\/\/www.lamaisondelalchimiste.fr\/index.php?rest_route=\/wp\/v2\/users\/1"}],"replies":[{"embeddable":true,"href":"https:\/\/www.lamaisondelalchimiste.fr\/index.php?rest_route=%2Fwp%2Fv2%2Fcomments&post=819"}],"version-history":[{"count":6,"href":"https:\/\/www.lamaisondelalchimiste.fr\/index.php?rest_route=\/wp\/v2\/pages\/819\/revisions"}],"predecessor-version":[{"id":3451,"href":"https:\/\/www.lamaisondelalchimiste.fr\/index.php?rest_route=\/wp\/v2\/pages\/819\/revisions\/3451"}],"wp:attachment":[{"href":"https:\/\/www.lamaisondelalchimiste.fr\/index.php?rest_route=%2Fwp%2Fv2%2Fmedia&parent=819"}],"curies":[{"name":"wp","href":"https:\/\/api.w.org\/{rel}","templated":true}]}}