{"id":3932,"date":"2025-09-20T11:45:47","date_gmt":"2025-09-20T10:45:47","guid":{"rendered":"https:\/\/www.lamaisondelalchimiste.fr\/?page_id=3932"},"modified":"2025-09-20T11:45:48","modified_gmt":"2025-09-20T10:45:48","slug":"sara-noel-praticienne-en-sante-naturelle","status":"publish","type":"page","link":"https:\/\/www.lamaisondelalchimiste.fr\/?page_id=3932","title":{"rendered":"Sara No\u00ebl Praticienne en Sant\u00e9 Naturelle"},"content":{"rendered":"\n<figure class=\"wp-block-image size-full is-resized\"><a href=\"https:\/\/www.lamaisondelalchimiste.fr\/wp-content\/uploads\/2025\/09\/Photo-pro.jpeg\"><img loading=\"lazy\" decoding=\"async\" width=\"750\" height=\"744\" src=\"https:\/\/www.lamaisondelalchimiste.fr\/wp-content\/uploads\/2025\/09\/Photo-pro.jpeg\" alt=\"\" class=\"wp-image-3933\" style=\"width:359px;height:auto\" srcset=\"https:\/\/www.lamaisondelalchimiste.fr\/wp-content\/uploads\/2025\/09\/Photo-pro.jpeg 750w, https:\/\/www.lamaisondelalchimiste.fr\/wp-content\/uploads\/2025\/09\/Photo-pro-300x298.jpeg 300w, https:\/\/www.lamaisondelalchimiste.fr\/wp-content\/uploads\/2025\/09\/Photo-pro-150x150.jpeg 150w, https:\/\/www.lamaisondelalchimiste.fr\/wp-content\/uploads\/2025\/09\/Photo-pro-60x60.jpeg 60w\" sizes=\"auto, (max-width: 750px) 100vw, 750px\" \/><\/a><\/figure>\n\n\n\n<p>En ayant une vision globale de votre personne, vos habitudes, vos go\u00fbts, vos besoins et vos contraintes, je vous proposerai un r\u00e9\u00e9quilibrage alimentaire et des plantes pour atteindre votre objectif de sant\u00e9 et de bien-\u00eatre. La routine conseill\u00e9e sera simple et \u00e9volutive.<\/p>\n\n\n\n<p>De la m\u00eame mani\u00e8re que votre \u00e9cosyst\u00e8me sera respect\u00e9, les plantes que je vous conseillerai seront locales, abordables et largement disponibles.&nbsp;<\/p>\n\n\n\n<p><em>Mes outils:<\/em><\/p>\n\n\n\n<ul class=\"wp-block-list\">\n<li>R\u00e9\u00e9quilibrage alimentaire<\/li>\n<\/ul>\n\n\n\n<ul class=\"wp-block-list\">\n<li>Gemmoth\u00e9rapie \u2013 Phytoth\u00e9rapie \u2013 Aromath\u00e9rapie<\/li>\n<\/ul>\n\n\n\n<ul class=\"wp-block-list\">\n<li>Ventouses \u2013 Moxibustion<\/li>\n<\/ul>\n\n\n\n<p>Pour plus de renseignements, je vous invite \u00e0 aller voir mon site:&nbsp;<a href=\"http:\/\/saranoel.fr\/\" target=\"_blank\" rel=\"noreferrer noopener\">saranoel.fr<\/a>&nbsp;et mon compte instagram:&nbsp;<a href=\"https:\/\/www.instagram.com\/saenoel\/\" target=\"_blank\" rel=\"noreferrer noopener\">https:\/\/www.instagram.com\/saenoel\/<\/a><\/p>\n\n\n\n<p>Vous pouvez m&rsquo;appeler pour prendre rdv au\u00a006 67 32 21 42,<\/p>\n\n\n\n<p>Au plaisir de vous recevoir,<\/p>\n\n\n\n<p>Sara<\/p>\n\n\n\n<p><\/p>\n","protected":false},"excerpt":{"rendered":"<p>En ayant une vision globale de votre personne, vos habitudes, vos go\u00fbts, vos besoins et vos contraintes, je vous proposerai un r\u00e9\u00e9quilibrage alimentaire et des &hellip; <\/p>\n","protected":false},"author":1,"featured_media":0,"parent":0,"menu_order":0,"comment_status":"closed","ping_status":"closed","template":"","meta":{"footnotes":""},"class_list":["post-3932","page","type-page","status-publish","hentry","latest_post"],"yoast_head":"<!-- This site is optimized with the Yoast SEO plugin v19.4 - https:\/\/yoast.com\/wordpress\/plugins\/seo\/ -->\n<title>Sara No\u00ebl Praticienne en Sant\u00e9 Naturelle - CENTRE DE YOGA<\/title>\n<meta name=\"robots\" content=\"index, follow, max-snippet:-1, max-image-preview:large, max-video-preview:-1\" \/>\n<link rel=\"canonical\" href=\"https:\/\/www.lamaisondelalchimiste.fr\/?page_id=3932\" \/>\n<meta property=\"og:locale\" content=\"fr_FR\" \/>\n<meta property=\"og:type\" content=\"article\" \/>\n<meta property=\"og:title\" content=\"Sara No\u00ebl Praticienne en Sant\u00e9 Naturelle - CENTRE DE YOGA\" \/>\n<meta property=\"og:description\" content=\"En ayant une vision globale de votre personne, vos habitudes, vos go\u00fbts, vos besoins et vos contraintes, je vous proposerai un r\u00e9\u00e9quilibrage alimentaire et des &hellip;\" \/>\n<meta property=\"og:url\" content=\"https:\/\/www.lamaisondelalchimiste.fr\/?page_id=3932\" \/>\n<meta property=\"og:site_name\" content=\"CENTRE DE YOGA\" \/>\n<meta property=\"article:modified_time\" content=\"2025-09-20T10:45:48+00:00\" \/>\n<meta property=\"og:image\" content=\"https:\/\/www.lamaisondelalchimiste.fr\/wp-content\/uploads\/2025\/09\/Photo-pro.jpeg\" \/>\n<meta name=\"twitter:card\" content=\"summary_large_image\" \/>\n<meta name=\"twitter:label1\" content=\"Dur\u00e9e de lecture estim\u00e9e\" \/>\n\t<meta name=\"twitter:data1\" content=\"1 minute\" \/>\n<script type=\"application\/ld+json\" class=\"yoast-schema-graph\">{\"@context\":\"https:\/\/schema.org\",\"@graph\":[{\"@type\":\"WebSite\",\"@id\":\"https:\/\/www.lamaisondelalchimiste.fr\/#website\",\"url\":\"https:\/\/www.lamaisondelalchimiste.fr\/\",\"name\":\"CENTRE DE YOGA\",\"description\":\"Hatha - Ashtanga - Iyengar - Vinyasa - Yin - Doux - Pilate - Massages - Th\u00e9rapies \",\"potentialAction\":[{\"@type\":\"SearchAction\",\"target\":{\"@type\":\"EntryPoint\",\"urlTemplate\":\"https:\/\/www.lamaisondelalchimiste.fr\/?s={search_term_string}\"},\"query-input\":\"required name=search_term_string\"}],\"inLanguage\":\"fr-FR\"},{\"@type\":\"WebPage\",\"@id\":\"https:\/\/www.lamaisondelalchimiste.fr\/?page_id=3932\",\"url\":\"https:\/\/www.lamaisondelalchimiste.fr\/?page_id=3932\",\"name\":\"Sara No\u00ebl Praticienne en Sant\u00e9 Naturelle - CENTRE DE YOGA\",\"isPartOf\":{\"@id\":\"https:\/\/www.lamaisondelalchimiste.fr\/#website\"},\"datePublished\":\"2025-09-20T10:45:47+00:00\",\"dateModified\":\"2025-09-20T10:45:48+00:00\",\"breadcrumb\":{\"@id\":\"https:\/\/www.lamaisondelalchimiste.fr\/?page_id=3932#breadcrumb\"},\"inLanguage\":\"fr-FR\",\"potentialAction\":[{\"@type\":\"ReadAction\",\"target\":[\"https:\/\/www.lamaisondelalchimiste.fr\/?page_id=3932\"]}]},{\"@type\":\"BreadcrumbList\",\"@id\":\"https:\/\/www.lamaisondelalchimiste.fr\/?page_id=3932#breadcrumb\",\"itemListElement\":[{\"@type\":\"ListItem\",\"position\":1,\"name\":\"Accueil\",\"item\":\"https:\/\/www.lamaisondelalchimiste.fr\/\"},{\"@type\":\"ListItem\",\"position\":2,\"name\":\"Sara No\u00ebl Praticienne en Sant\u00e9 Naturelle\"}]}]}<\/script>\n<!-- \/ Yoast SEO plugin. -->","yoast_head_json":{"title":"Sara No\u00ebl Praticienne en Sant\u00e9 Naturelle - CENTRE DE YOGA","robots":{"index":"index","follow":"follow","max-snippet":"max-snippet:-1","max-image-preview":"max-image-preview:large","max-video-preview":"max-video-preview:-1"},"canonical":"https:\/\/www.lamaisondelalchimiste.fr\/?page_id=3932","og_locale":"fr_FR","og_type":"article","og_title":"Sara No\u00ebl Praticienne en Sant\u00e9 Naturelle - CENTRE DE YOGA","og_description":"En ayant une vision globale de votre personne, vos habitudes, vos go\u00fbts, vos besoins et vos contraintes, je vous proposerai un r\u00e9\u00e9quilibrage alimentaire et des &hellip;","og_url":"https:\/\/www.lamaisondelalchimiste.fr\/?page_id=3932","og_site_name":"CENTRE DE YOGA","article_modified_time":"2025-09-20T10:45:48+00:00","og_image":[{"url":"https:\/\/www.lamaisondelalchimiste.fr\/wp-content\/uploads\/2025\/09\/Photo-pro.jpeg"}],"twitter_card":"summary_large_image","twitter_misc":{"Dur\u00e9e de lecture estim\u00e9e":"1 minute"},"schema":{"@context":"https:\/\/schema.org","@graph":[{"@type":"WebSite","@id":"https:\/\/www.lamaisondelalchimiste.fr\/#website","url":"https:\/\/www.lamaisondelalchimiste.fr\/","name":"CENTRE DE YOGA","description":"Hatha - Ashtanga - Iyengar - Vinyasa - Yin - Doux - Pilate - Massages - Th\u00e9rapies ","potentialAction":[{"@type":"SearchAction","target":{"@type":"EntryPoint","urlTemplate":"https:\/\/www.lamaisondelalchimiste.fr\/?s={search_term_string}"},"query-input":"required name=search_term_string"}],"inLanguage":"fr-FR"},{"@type":"WebPage","@id":"https:\/\/www.lamaisondelalchimiste.fr\/?page_id=3932","url":"https:\/\/www.lamaisondelalchimiste.fr\/?page_id=3932","name":"Sara No\u00ebl Praticienne en Sant\u00e9 Naturelle - CENTRE DE YOGA","isPartOf":{"@id":"https:\/\/www.lamaisondelalchimiste.fr\/#website"},"datePublished":"2025-09-20T10:45:47+00:00","dateModified":"2025-09-20T10:45:48+00:00","breadcrumb":{"@id":"https:\/\/www.lamaisondelalchimiste.fr\/?page_id=3932#breadcrumb"},"inLanguage":"fr-FR","potentialAction":[{"@type":"ReadAction","target":["https:\/\/www.lamaisondelalchimiste.fr\/?page_id=3932"]}]},{"@type":"BreadcrumbList","@id":"https:\/\/www.lamaisondelalchimiste.fr\/?page_id=3932#breadcrumb","itemListElement":[{"@type":"ListItem","position":1,"name":"Accueil","item":"https:\/\/www.lamaisondelalchimiste.fr\/"},{"@type":"ListItem","position":2,"name":"Sara No\u00ebl Praticienne en Sant\u00e9 Naturelle"}]}]}},"_links":{"self":[{"href":"https:\/\/www.lamaisondelalchimiste.fr\/index.php?rest_route=\/wp\/v2\/pages\/3932","targetHints":{"allow":["GET"]}}],"collection":[{"href":"https:\/\/www.lamaisondelalchimiste.fr\/index.php?rest_route=\/wp\/v2\/pages"}],"about":[{"href":"https:\/\/www.lamaisondelalchimiste.fr\/index.php?rest_route=\/wp\/v2\/types\/page"}],"author":[{"embeddable":true,"href":"https:\/\/www.lamaisondelalchimiste.fr\/index.php?rest_route=\/wp\/v2\/users\/1"}],"replies":[{"embeddable":true,"href":"https:\/\/www.lamaisondelalchimiste.fr\/index.php?rest_route=%2Fwp%2Fv2%2Fcomments&post=3932"}],"version-history":[{"count":1,"href":"https:\/\/www.lamaisondelalchimiste.fr\/index.php?rest_route=\/wp\/v2\/pages\/3932\/revisions"}],"predecessor-version":[{"id":3934,"href":"https:\/\/www.lamaisondelalchimiste.fr\/index.php?rest_route=\/wp\/v2\/pages\/3932\/revisions\/3934"}],"wp:attachment":[{"href":"https:\/\/www.lamaisondelalchimiste.fr\/index.php?rest_route=%2Fwp%2Fv2%2Fmedia&parent=3932"}],"curies":[{"name":"wp","href":"https:\/\/api.w.org\/{rel}","templated":true}]}}