{"id":3643,"date":"2024-08-03T14:42:07","date_gmt":"2024-08-03T13:42:07","guid":{"rendered":"https:\/\/www.lamaisondelalchimiste.fr\/?page_id=3643"},"modified":"2026-04-26T12:43:13","modified_gmt":"2026-04-26T11:43:13","slug":"massage-facial-japonais","status":"publish","type":"page","link":"https:\/\/www.lamaisondelalchimiste.fr\/?page_id=3643","title":{"rendered":"Massage Facial Japonais"},"content":{"rendered":"\n<figure class=\"wp-block-image size-large is-resized\"><a href=\"https:\/\/www.lamaisondelalchimiste.fr\/wp-content\/uploads\/2024\/08\/jeune-femme-ayant-massage-du-visage-relaxant-dans-salon-spa-scaled.jpg\"><img loading=\"lazy\" decoding=\"async\" width=\"1024\" height=\"683\" src=\"https:\/\/www.lamaisondelalchimiste.fr\/wp-content\/uploads\/2024\/08\/jeune-femme-ayant-massage-du-visage-relaxant-dans-salon-spa-1024x683.jpg\" alt=\"\" class=\"wp-image-3644\" style=\"width:493px;height:auto\" srcset=\"https:\/\/www.lamaisondelalchimiste.fr\/wp-content\/uploads\/2024\/08\/jeune-femme-ayant-massage-du-visage-relaxant-dans-salon-spa-1024x683.jpg 1024w, https:\/\/www.lamaisondelalchimiste.fr\/wp-content\/uploads\/2024\/08\/jeune-femme-ayant-massage-du-visage-relaxant-dans-salon-spa-300x200.jpg 300w, https:\/\/www.lamaisondelalchimiste.fr\/wp-content\/uploads\/2024\/08\/jeune-femme-ayant-massage-du-visage-relaxant-dans-salon-spa-768x513.jpg 768w, https:\/\/www.lamaisondelalchimiste.fr\/wp-content\/uploads\/2024\/08\/jeune-femme-ayant-massage-du-visage-relaxant-dans-salon-spa-1536x1025.jpg 1536w, https:\/\/www.lamaisondelalchimiste.fr\/wp-content\/uploads\/2024\/08\/jeune-femme-ayant-massage-du-visage-relaxant-dans-salon-spa-2048x1367.jpg 2048w, https:\/\/www.lamaisondelalchimiste.fr\/wp-content\/uploads\/2024\/08\/jeune-femme-ayant-massage-du-visage-relaxant-dans-salon-spa-90x60.jpg 90w, https:\/\/www.lamaisondelalchimiste.fr\/wp-content\/uploads\/2024\/08\/jeune-femme-ayant-massage-du-visage-relaxant-dans-salon-spa-420x280.jpg 420w\" sizes=\"auto, (max-width: 1024px) 100vw, 1024px\" \/><\/a><\/figure>\n\n\n\n<p>Pour voir les avis des clientes ou laisser le v\u00f4tre, c&rsquo;est<em> <a href=\"https:\/\/g.page\/r\/CbDfsVjvDLoNECA\/review\">ICI<\/a><\/em> \ud83d\ude42<\/p>\n\n\n\n<figure class=\"wp-block-image is-resized\"><img decoding=\"async\" src=\"https:\/\/fonts.gstatic.com\/s\/e\/notoemoji\/17.0\/1f64f\/32.png\" alt=\"&#x1f64f;\" style=\"width:27px;height:auto\"\/><\/figure>\n\n\n\n<p>Le massage facial japonais est issu des techniques provenant du Kobido, massage ancestral inspir\u00e9 d&rsquo;un enchainement de man\u0153uvres ayant plus de 500 ans.<\/p>\n\n\n\n<p>C&rsquo;est un massage extraordinaire qui agit sur multiples plans, physique, esth\u00e9tique mais aussi sur le syst\u00e8me nerveux. Il agit en profondeur sur la peau, les muscles et les os, active la circulation sanguine et lymphatique par une gestuelle sp\u00e9cifique alliant des mouvements doux et toniques. Ce massage est \u00e0 la fois relaxant, tonifiant, drainant et d\u00e9congestionnant.<\/p>\n\n\n\n<p>Les diff\u00e9rentes techniques allient des pressions, des lissages, des frictions, du modelage, des \u00e9tirements. L&rsquo;effet lifting est imm\u00e9diat, l&rsquo;ovale du visage est redessin\u00e9, la peau rebondie, le teint plus frais. L&rsquo;action drainante du syst\u00e8me lymphatique active l&rsquo;\u00e9limination des toxines, d\u00e9congestionne les yeux (poches, cernes,etc.), relance la microcirculation. <\/p>\n\n\n\n<p>Au del\u00e0 de l&rsquo;aspect esth\u00e9tique de ce massage dans la pr\u00e9vention ou l&rsquo;att\u00e9nuation des rides , c&rsquo;est tout le syst\u00e8me nerveux qui est apais\u00e9, ressourc\u00e9. Ce qui \u00e0 mon sens est le facteur principal de la Beaut\u00e9 dans son sens le plus large. Se sentir bien de l&rsquo;int\u00e9rieur, et le visage rayonne \u00e0 TOUS les \u00e2ges&#8230; \u2661\u2661\u2661<\/p>\n\n\n\n<p>Apr\u00e8s avoir re\u00e7u ce massage pendant des ann\u00e9es en tant que cliente, avoir eu la chance de ressentir autant de bienfaits (relaxation profonde \u00e0 la fin d&rsquo;un soin, les traits du visage apais\u00e9s, nourris, la peau en meilleure sant\u00e9), j&rsquo;ai eu l&rsquo;\u00e9lan de me former \u00e0 mon tour \u00e0 l&rsquo;Ecole de Massages Holistiques \u00e0 Montpellier avec Emilie Ricci pour partager ce ressenti indescriptible mais magique \ud83d\ude42<\/p>\n\n\n\n<p>Je propose ce massage facial japonais \u00e0 la Maison de l&rsquo;Alchimiste pour les femmes, en dehors des horaires des cours, ou \u00e0 domicile dans le p\u00e9rim\u00e8tre de Mauguio.<\/p>\n\n\n\n<p>C&rsquo;est un massage adapt\u00e9 \u00e0 tous les types de peau, jeunes comme matures *<\/p>\n\n\n\n<p><strong>La cure<\/strong> est conseill\u00e9e quand on sent le besoin d&rsquo;une r\u00e9g\u00e9n\u00e9ration profonde du visage, pour un travail en profondeur sur toutes les tensions musculaires qui figent notre expression, marquent nos traits en vieillissant l&rsquo;aspect de notre visage. Le visage est drain\u00e9, repulp\u00e9, plus ouvert&#8230; avec en prime une sensation de profonde relaxation. Le massage Kobido agit comme un v\u00e9ritable lifting naturel.<\/p>\n\n\n\n<p>Au m\u00eame titre que le reste de notre corps qui a besoin de bouger, faire du sport, se relaxer, le visage s&rsquo;entretient sur la dur\u00e9e. Vous pouvez ensuite venir 1 fois\/ mois, tout en prenant soin de votre visage au quotidien, entre les s\u00e9ances.<\/p>\n\n\n\n<p><strong>Tarifs:<\/strong><\/p>\n\n\n\n<p>1h: 85 euros\/ 75 euros (abonn\u00e9s yoga)<\/p>\n\n\n\n<p>\u200b&#x1f338; Les Cures de Massage Kobido<br>\u200bLe Kobido est un art ancestral dont les bienfaits se d\u00e9ploient avec la r\u00e9gularit\u00e9. Plus qu&rsquo;un soin, c&rsquo;est un rituel de vitalit\u00e9 pour accompagner la beaut\u00e9 de votre visage au fil du temps.<\/p>\n\n\n\n<p><br><strong>\u200b\u2022 Cure \u00c9clat (3 s\u00e9ances)<br><\/strong>\u200bTarif : 225 \u20ac \/ abonn\u00e9s 195 \u20ac<br>\u200bUne remise imm\u00e9diate de 30 \u20ac pour booster la circulation et r\u00e9veiller l&rsquo;\u00e9clat naturel de votre peau.<br><br>\u200b\u2022 <strong>Cure \u00c9quilibre (6 s\u00e9ances)<\/strong><br>\u200bTarif : 425 \u20ac \/ abonn\u00e9s 375 \u20ac<br>\u200bLe choix de la r\u00e9gularit\u00e9 : votre 6\u00e8me soin est offert (85 \u20ac \/75 \u20ac d&rsquo;\u00e9conomie) pour un travail profond sur la d\u00e9tente des traits et la tonicit\u00e9.<br><br><strong>\u200b\u2022 Cure Signature (10 s\u00e9ances)<br><\/strong>\u200bTarif : 670 \u20ac \/ abonn\u00e9s 590 \u20ac<br>\u200bL&rsquo;offre privil\u00e8ge : B\u00e9n\u00e9ficiez de 2 soins offerts, plus 10 \u20ac de remise suppl\u00e9mentaire (soit 170 \u20ac \/ 160 \u20ac d&rsquo;\u00e9conomie totale). Un accompagnement complet pour r\u00e9g\u00e9n\u00e9rer les tissus et r\u00e9v\u00e9ler votre plus belle lumi\u00e8re.<br><br>\u200bLe petit plus :<br>Possibilit\u00e9 de r\u00e8glement en plusieurs fois pour les cures de 3, 6 et 10 s\u00e9ances. N&rsquo;h\u00e9sitez pas \u00e0 me solliciter pour d\u00e9finir ensemble le rythme qui vous convient !<br><\/p>\n\n\n\n<p><em>* si des injections (botox, acide hyaluronique, etc. ont \u00e9t\u00e9 r\u00e9alis\u00e9es r\u00e9cemment il faut attendre 3 semaines avant de prendre rdv<\/em>)<\/p>\n\n\n\n<p><strong>Pour toute information<\/strong>: massageyogalchimie@gmail.com\/ 06 24 04 67 16<\/p>\n\n\n\n<p>Fanny Chassefi\u00e8re<\/p>\n\n\n<div class=\"wp-block-image\">\n<figure class=\"aligncenter size-large is-resized\"><a href=\"https:\/\/www.lamaisondelalchimiste.fr\/wp-content\/uploads\/2024\/08\/Photo-table.jpeg\"><img loading=\"lazy\" decoding=\"async\" width=\"768\" height=\"1024\" src=\"https:\/\/www.lamaisondelalchimiste.fr\/wp-content\/uploads\/2024\/08\/Photo-table-768x1024.jpeg\" alt=\"\" class=\"wp-image-3645\" style=\"width:359px;height:auto\" srcset=\"https:\/\/www.lamaisondelalchimiste.fr\/wp-content\/uploads\/2024\/08\/Photo-table-768x1024.jpeg 768w, https:\/\/www.lamaisondelalchimiste.fr\/wp-content\/uploads\/2024\/08\/Photo-table-225x300.jpeg 225w, https:\/\/www.lamaisondelalchimiste.fr\/wp-content\/uploads\/2024\/08\/Photo-table-1152x1536.jpeg 1152w, https:\/\/www.lamaisondelalchimiste.fr\/wp-content\/uploads\/2024\/08\/Photo-table-45x60.jpeg 45w, https:\/\/www.lamaisondelalchimiste.fr\/wp-content\/uploads\/2024\/08\/Photo-table.jpeg 1536w\" sizes=\"auto, (max-width: 768px) 100vw, 768px\" \/><\/a><\/figure>\n<\/div>\n\n\n<p><\/p>\n","protected":false},"excerpt":{"rendered":"<p>Pour voir les avis des clientes ou laisser le v\u00f4tre, c&rsquo;est ICI \ud83d\ude42 Le massage facial japonais est issu des techniques provenant du Kobido, massage &hellip; <\/p>\n","protected":false},"author":1,"featured_media":0,"parent":0,"menu_order":0,"comment_status":"closed","ping_status":"closed","template":"","meta":{"footnotes":""},"class_list":["post-3643","page","type-page","status-publish","hentry","latest_post"],"yoast_head":"<!-- This site is optimized with the Yoast SEO plugin v19.4 - https:\/\/yoast.com\/wordpress\/plugins\/seo\/ -->\n<title>Massage Facial Japonais - CENTRE DE YOGA<\/title>\n<meta name=\"robots\" content=\"index, follow, max-snippet:-1, max-image-preview:large, max-video-preview:-1\" \/>\n<link rel=\"canonical\" href=\"https:\/\/www.lamaisondelalchimiste.fr\/?page_id=3643\" \/>\n<meta property=\"og:locale\" content=\"fr_FR\" \/>\n<meta property=\"og:type\" content=\"article\" \/>\n<meta property=\"og:title\" content=\"Massage Facial Japonais - CENTRE DE YOGA\" \/>\n<meta property=\"og:description\" content=\"Pour voir les avis des clientes ou laisser le v\u00f4tre, c&rsquo;est ICI \ud83d\ude42 Le massage facial japonais est issu des techniques provenant du Kobido, massage &hellip;\" \/>\n<meta property=\"og:url\" content=\"https:\/\/www.lamaisondelalchimiste.fr\/?page_id=3643\" \/>\n<meta property=\"og:site_name\" content=\"CENTRE DE YOGA\" \/>\n<meta property=\"article:modified_time\" content=\"2026-04-26T11:43:13+00:00\" \/>\n<meta property=\"og:image\" content=\"https:\/\/www.lamaisondelalchimiste.fr\/wp-content\/uploads\/2024\/08\/jeune-femme-ayant-massage-du-visage-relaxant-dans-salon-spa-1024x683.jpg\" \/>\n<meta name=\"twitter:card\" content=\"summary_large_image\" \/>\n<meta name=\"twitter:label1\" content=\"Dur\u00e9e de lecture estim\u00e9e\" \/>\n\t<meta name=\"twitter:data1\" content=\"4 minutes\" \/>\n<script type=\"application\/ld+json\" class=\"yoast-schema-graph\">{\"@context\":\"https:\/\/schema.org\",\"@graph\":[{\"@type\":\"WebSite\",\"@id\":\"https:\/\/www.lamaisondelalchimiste.fr\/#website\",\"url\":\"https:\/\/www.lamaisondelalchimiste.fr\/\",\"name\":\"CENTRE DE YOGA\",\"description\":\"Hatha - Ashtanga - Iyengar - Vinyasa - Yin - Doux - Pilate - Massages - Th\u00e9rapies \",\"potentialAction\":[{\"@type\":\"SearchAction\",\"target\":{\"@type\":\"EntryPoint\",\"urlTemplate\":\"https:\/\/www.lamaisondelalchimiste.fr\/?s={search_term_string}\"},\"query-input\":\"required name=search_term_string\"}],\"inLanguage\":\"fr-FR\"},{\"@type\":\"WebPage\",\"@id\":\"https:\/\/www.lamaisondelalchimiste.fr\/?page_id=3643\",\"url\":\"https:\/\/www.lamaisondelalchimiste.fr\/?page_id=3643\",\"name\":\"Massage Facial Japonais - CENTRE DE YOGA\",\"isPartOf\":{\"@id\":\"https:\/\/www.lamaisondelalchimiste.fr\/#website\"},\"datePublished\":\"2024-08-03T13:42:07+00:00\",\"dateModified\":\"2026-04-26T11:43:13+00:00\",\"breadcrumb\":{\"@id\":\"https:\/\/www.lamaisondelalchimiste.fr\/?page_id=3643#breadcrumb\"},\"inLanguage\":\"fr-FR\",\"potentialAction\":[{\"@type\":\"ReadAction\",\"target\":[\"https:\/\/www.lamaisondelalchimiste.fr\/?page_id=3643\"]}]},{\"@type\":\"BreadcrumbList\",\"@id\":\"https:\/\/www.lamaisondelalchimiste.fr\/?page_id=3643#breadcrumb\",\"itemListElement\":[{\"@type\":\"ListItem\",\"position\":1,\"name\":\"Accueil\",\"item\":\"https:\/\/www.lamaisondelalchimiste.fr\/\"},{\"@type\":\"ListItem\",\"position\":2,\"name\":\"Massage Facial Japonais\"}]}]}<\/script>\n<!-- \/ Yoast SEO plugin. -->","yoast_head_json":{"title":"Massage Facial Japonais - CENTRE DE YOGA","robots":{"index":"index","follow":"follow","max-snippet":"max-snippet:-1","max-image-preview":"max-image-preview:large","max-video-preview":"max-video-preview:-1"},"canonical":"https:\/\/www.lamaisondelalchimiste.fr\/?page_id=3643","og_locale":"fr_FR","og_type":"article","og_title":"Massage Facial Japonais - CENTRE DE YOGA","og_description":"Pour voir les avis des clientes ou laisser le v\u00f4tre, c&rsquo;est ICI \ud83d\ude42 Le massage facial japonais est issu des techniques provenant du Kobido, massage &hellip;","og_url":"https:\/\/www.lamaisondelalchimiste.fr\/?page_id=3643","og_site_name":"CENTRE DE YOGA","article_modified_time":"2026-04-26T11:43:13+00:00","og_image":[{"url":"https:\/\/www.lamaisondelalchimiste.fr\/wp-content\/uploads\/2024\/08\/jeune-femme-ayant-massage-du-visage-relaxant-dans-salon-spa-1024x683.jpg"}],"twitter_card":"summary_large_image","twitter_misc":{"Dur\u00e9e de lecture estim\u00e9e":"4 minutes"},"schema":{"@context":"https:\/\/schema.org","@graph":[{"@type":"WebSite","@id":"https:\/\/www.lamaisondelalchimiste.fr\/#website","url":"https:\/\/www.lamaisondelalchimiste.fr\/","name":"CENTRE DE YOGA","description":"Hatha - Ashtanga - Iyengar - Vinyasa - Yin - Doux - Pilate - Massages - Th\u00e9rapies ","potentialAction":[{"@type":"SearchAction","target":{"@type":"EntryPoint","urlTemplate":"https:\/\/www.lamaisondelalchimiste.fr\/?s={search_term_string}"},"query-input":"required name=search_term_string"}],"inLanguage":"fr-FR"},{"@type":"WebPage","@id":"https:\/\/www.lamaisondelalchimiste.fr\/?page_id=3643","url":"https:\/\/www.lamaisondelalchimiste.fr\/?page_id=3643","name":"Massage Facial Japonais - CENTRE DE YOGA","isPartOf":{"@id":"https:\/\/www.lamaisondelalchimiste.fr\/#website"},"datePublished":"2024-08-03T13:42:07+00:00","dateModified":"2026-04-26T11:43:13+00:00","breadcrumb":{"@id":"https:\/\/www.lamaisondelalchimiste.fr\/?page_id=3643#breadcrumb"},"inLanguage":"fr-FR","potentialAction":[{"@type":"ReadAction","target":["https:\/\/www.lamaisondelalchimiste.fr\/?page_id=3643"]}]},{"@type":"BreadcrumbList","@id":"https:\/\/www.lamaisondelalchimiste.fr\/?page_id=3643#breadcrumb","itemListElement":[{"@type":"ListItem","position":1,"name":"Accueil","item":"https:\/\/www.lamaisondelalchimiste.fr\/"},{"@type":"ListItem","position":2,"name":"Massage Facial Japonais"}]}]}},"_links":{"self":[{"href":"https:\/\/www.lamaisondelalchimiste.fr\/index.php?rest_route=\/wp\/v2\/pages\/3643","targetHints":{"allow":["GET"]}}],"collection":[{"href":"https:\/\/www.lamaisondelalchimiste.fr\/index.php?rest_route=\/wp\/v2\/pages"}],"about":[{"href":"https:\/\/www.lamaisondelalchimiste.fr\/index.php?rest_route=\/wp\/v2\/types\/page"}],"author":[{"embeddable":true,"href":"https:\/\/www.lamaisondelalchimiste.fr\/index.php?rest_route=\/wp\/v2\/users\/1"}],"replies":[{"embeddable":true,"href":"https:\/\/www.lamaisondelalchimiste.fr\/index.php?rest_route=%2Fwp%2Fv2%2Fcomments&post=3643"}],"version-history":[{"count":25,"href":"https:\/\/www.lamaisondelalchimiste.fr\/index.php?rest_route=\/wp\/v2\/pages\/3643\/revisions"}],"predecessor-version":[{"id":4184,"href":"https:\/\/www.lamaisondelalchimiste.fr\/index.php?rest_route=\/wp\/v2\/pages\/3643\/revisions\/4184"}],"wp:attachment":[{"href":"https:\/\/www.lamaisondelalchimiste.fr\/index.php?rest_route=%2Fwp%2Fv2%2Fmedia&parent=3643"}],"curies":[{"name":"wp","href":"https:\/\/api.w.org\/{rel}","templated":true}]}}