{"id":3490,"date":"2023-09-12T12:05:36","date_gmt":"2023-09-12T11:05:36","guid":{"rendered":"https:\/\/www.lamaisondelalchimiste.fr\/?page_id=3490"},"modified":"2026-02-26T18:36:42","modified_gmt":"2026-02-26T17:36:42","slug":"elise-auvray-kinesiologue","status":"publish","type":"page","link":"https:\/\/www.lamaisondelalchimiste.fr\/?page_id=3490","title":{"rendered":"Elise Auvray Kin\u00e9siologue"},"content":{"rendered":"\n<figure class=\"wp-block-gallery has-nested-images columns-default is-cropped wp-block-gallery-1 is-layout-flex wp-block-gallery-is-layout-flex\">\n<figure class=\"wp-block-image size-large is-resized\"><a href=\"https:\/\/www.lamaisondelalchimiste.fr\/wp-content\/uploads\/2025\/07\/Elise-Mlle-violette-Mtp-HD-05540-scaled.jpg\"><img loading=\"lazy\" decoding=\"async\" width=\"683\" height=\"1024\" data-id=\"3879\" src=\"https:\/\/www.lamaisondelalchimiste.fr\/wp-content\/uploads\/2025\/07\/Elise-Mlle-violette-Mtp-HD-05540-683x1024.jpg\" alt=\"\" class=\"wp-image-3879\" style=\"aspect-ratio:0.7553516819571865;width:354px;height:auto\" srcset=\"https:\/\/www.lamaisondelalchimiste.fr\/wp-content\/uploads\/2025\/07\/Elise-Mlle-violette-Mtp-HD-05540-683x1024.jpg 683w, https:\/\/www.lamaisondelalchimiste.fr\/wp-content\/uploads\/2025\/07\/Elise-Mlle-violette-Mtp-HD-05540-200x300.jpg 200w, https:\/\/www.lamaisondelalchimiste.fr\/wp-content\/uploads\/2025\/07\/Elise-Mlle-violette-Mtp-HD-05540-768x1151.jpg 768w, https:\/\/www.lamaisondelalchimiste.fr\/wp-content\/uploads\/2025\/07\/Elise-Mlle-violette-Mtp-HD-05540-1025x1536.jpg 1025w, https:\/\/www.lamaisondelalchimiste.fr\/wp-content\/uploads\/2025\/07\/Elise-Mlle-violette-Mtp-HD-05540-1366x2048.jpg 1366w, https:\/\/www.lamaisondelalchimiste.fr\/wp-content\/uploads\/2025\/07\/Elise-Mlle-violette-Mtp-HD-05540-40x60.jpg 40w, https:\/\/www.lamaisondelalchimiste.fr\/wp-content\/uploads\/2025\/07\/Elise-Mlle-violette-Mtp-HD-05540-scaled.jpg 1708w\" sizes=\"auto, (max-width: 683px) 100vw, 683px\" \/><\/a><\/figure>\n\n\n\n<figure class=\"wp-block-image size-large\"><a href=\"https:\/\/www.lamaisondelalchimiste.fr\/wp-content\/uploads\/2026\/02\/Affiche-Services-Alchimiste.png\"><img loading=\"lazy\" decoding=\"async\" width=\"724\" height=\"1024\" data-id=\"4011\" src=\"https:\/\/www.lamaisondelalchimiste.fr\/wp-content\/uploads\/2026\/02\/Affiche-Services-Alchimiste-724x1024.png\" alt=\"\" class=\"wp-image-4011\" srcset=\"https:\/\/www.lamaisondelalchimiste.fr\/wp-content\/uploads\/2026\/02\/Affiche-Services-Alchimiste-724x1024.png 724w, https:\/\/www.lamaisondelalchimiste.fr\/wp-content\/uploads\/2026\/02\/Affiche-Services-Alchimiste-212x300.png 212w, https:\/\/www.lamaisondelalchimiste.fr\/wp-content\/uploads\/2026\/02\/Affiche-Services-Alchimiste-768x1086.png 768w, https:\/\/www.lamaisondelalchimiste.fr\/wp-content\/uploads\/2026\/02\/Affiche-Services-Alchimiste-1086x1536.png 1086w, https:\/\/www.lamaisondelalchimiste.fr\/wp-content\/uploads\/2026\/02\/Affiche-Services-Alchimiste-42x60.png 42w, https:\/\/www.lamaisondelalchimiste.fr\/wp-content\/uploads\/2026\/02\/Affiche-Services-Alchimiste.png 1414w\" sizes=\"auto, (max-width: 724px) 100vw, 724px\" \/><\/a><\/figure>\n<\/figure>\n\n\n\n<p>\u00ab\u00a0Je suis Elise, certifi\u00e9e en Kin\u00e9siologie, Somatoth\u00e9rapie\u00ae,&nbsp;Astrologie en M\u00e9moire Cellulaire et massage bien-\u00eatre.<\/p>\n\n\n\n<p>J\u2019ai d\u00e9but\u00e9 mon chemin d\u2019\u00e9volution personnelle en 2005 et passionn\u00e9e par la puissance des outils de d\u00e9veloppement personnel et les th\u00e9rapies alternatives, j\u2019ai par la suite d\u00e9cid\u00e9 \u00e0 mon tour d\u2019accompagner des personnes, de suivre ma vocation, ma petite voix int\u00e9rieure.<\/p>\n\n\n\n<p>Je vous re\u00e7ois en s\u00e9ances pour du bien-\u00eatre ou pour vous accompagner \u00e0 aller \u00e0 votre rencontre, \u00e0 prendre conscience de vos m\u00e9moires cellulaires, vos sch\u00e9mas relationnels pour les alchimiser et les transformer afin d&rsquo;avancer vers un objectif que nous nous fixons ensemble.<\/p>\n\n\n\n<p>Les principaux bienfaits des s\u00e9ances sont :<\/p>\n\n\n\n<p>&#8211; Accueillir et accepter nos \u00e9motions, diminution du stress, de l&rsquo;anxi\u00e9t\u00e9<\/p>\n\n\n\n<p>-Soulager les sympt\u00f4mes physiques<\/p>\n\n\n\n<p>-Identifier et traiter les blocages \u00e9motionnels, traumas<\/p>\n\n\n\n<p>-Retrouver et am\u00e9liorer l&rsquo;estime et la confiance en soi<\/p>\n\n\n\n<p>-Meilleure conscience corporelle &amp; connaissance de soi<\/p>\n\n\n\n<p>Toutes les techniques d\u2019accompagnement que je propose ont une chose en commun: le corps. Je suis passionn\u00e9e par sa capacit\u00e9 de r\u00e9silience, \u00e0 nous guider, comme un phare dans la temp\u00eate, pour nous permettre de trouver les ressources n\u00e9cessaires et \u00eatre en accord avec nous-m\u00eames dans notre Vie. Tout cela rendu possible en remettant du lien entre le Corps, l&rsquo;\u00c2me et l\u2019Esprit.<\/p>\n\n\n\n<p>Si vous souhaitez me rencontrer ou en savoir plus sur ce que je propose, vous pouvez me contacter directement au 07 49 12 44 89, par email&nbsp;<a href=\"mailto:contact@parolesducorps.com\" rel=\"noreferrer noopener\" target=\"_blank\">contact@parolesducorps.com<\/a><\/p>\n\n\n\n<p>ou encore voir plus d\u2019informations sur mon site Internet:&nbsp;<a href=\"https:\/\/parolesducorps.com\/\" target=\"_blank\" rel=\"noreferrer noopener\">https:\/\/parolesducorps.com<\/a><\/p>\n\n\n\n<p>Elise<\/p>\n\n\n<div class=\"wp-block-image\">\n<figure class=\"aligncenter size-large is-resized\"><a href=\"https:\/\/www.lamaisondelalchimiste.fr\/wp-content\/uploads\/2025\/07\/1726837803138-scaled.jpg\"><img loading=\"lazy\" decoding=\"async\" width=\"768\" height=\"1024\" src=\"https:\/\/www.lamaisondelalchimiste.fr\/wp-content\/uploads\/2025\/07\/1726837803138-768x1024.jpg\" alt=\"\" class=\"wp-image-3881\" style=\"width:352px;height:auto\" srcset=\"https:\/\/www.lamaisondelalchimiste.fr\/wp-content\/uploads\/2025\/07\/1726837803138-768x1024.jpg 768w, https:\/\/www.lamaisondelalchimiste.fr\/wp-content\/uploads\/2025\/07\/1726837803138-225x300.jpg 225w, https:\/\/www.lamaisondelalchimiste.fr\/wp-content\/uploads\/2025\/07\/1726837803138-1152x1536.jpg 1152w, https:\/\/www.lamaisondelalchimiste.fr\/wp-content\/uploads\/2025\/07\/1726837803138-1536x2048.jpg 1536w, https:\/\/www.lamaisondelalchimiste.fr\/wp-content\/uploads\/2025\/07\/1726837803138-45x60.jpg 45w, https:\/\/www.lamaisondelalchimiste.fr\/wp-content\/uploads\/2025\/07\/1726837803138-scaled.jpg 1920w\" sizes=\"auto, (max-width: 768px) 100vw, 768px\" \/><\/a><\/figure>\n<\/div>\n\n<div class=\"wp-block-image\">\n<figure class=\"aligncenter size-large is-resized\"><a href=\"https:\/\/www.lamaisondelalchimiste.fr\/wp-content\/uploads\/2023\/09\/Logo_Redes.jpg\"><img loading=\"lazy\" decoding=\"async\" width=\"1024\" height=\"1024\" src=\"https:\/\/www.lamaisondelalchimiste.fr\/wp-content\/uploads\/2023\/09\/Logo_Redes-1024x1024.jpg\" alt=\"\" class=\"wp-image-3492\" style=\"width:323px;height:323px\" srcset=\"https:\/\/www.lamaisondelalchimiste.fr\/wp-content\/uploads\/2023\/09\/Logo_Redes-1024x1024.jpg 1024w, https:\/\/www.lamaisondelalchimiste.fr\/wp-content\/uploads\/2023\/09\/Logo_Redes-300x300.jpg 300w, https:\/\/www.lamaisondelalchimiste.fr\/wp-content\/uploads\/2023\/09\/Logo_Redes-150x150.jpg 150w, https:\/\/www.lamaisondelalchimiste.fr\/wp-content\/uploads\/2023\/09\/Logo_Redes-768x768.jpg 768w, https:\/\/www.lamaisondelalchimiste.fr\/wp-content\/uploads\/2023\/09\/Logo_Redes-60x60.jpg 60w, https:\/\/www.lamaisondelalchimiste.fr\/wp-content\/uploads\/2023\/09\/Logo_Redes.jpg 1080w\" sizes=\"auto, (max-width: 1024px) 100vw, 1024px\" \/><\/a><\/figure>\n<\/div>","protected":false},"excerpt":{"rendered":"<p>\u00ab\u00a0Je suis Elise, certifi\u00e9e en Kin\u00e9siologie, Somatoth\u00e9rapie\u00ae,&nbsp;Astrologie en M\u00e9moire Cellulaire et massage bien-\u00eatre. J\u2019ai d\u00e9but\u00e9 mon chemin d\u2019\u00e9volution personnelle en 2005 et passionn\u00e9e par la &hellip; <\/p>\n","protected":false},"author":1,"featured_media":0,"parent":0,"menu_order":0,"comment_status":"closed","ping_status":"closed","template":"","meta":{"footnotes":""},"class_list":["post-3490","page","type-page","status-publish","hentry","latest_post"],"yoast_head":"<!-- This site is optimized with the Yoast SEO plugin v19.4 - https:\/\/yoast.com\/wordpress\/plugins\/seo\/ -->\n<title>Elise Auvray Kin\u00e9siologue - CENTRE DE YOGA<\/title>\n<meta name=\"robots\" content=\"index, follow, max-snippet:-1, max-image-preview:large, max-video-preview:-1\" \/>\n<link rel=\"canonical\" href=\"https:\/\/www.lamaisondelalchimiste.fr\/?page_id=3490\" \/>\n<meta property=\"og:locale\" content=\"fr_FR\" \/>\n<meta property=\"og:type\" content=\"article\" \/>\n<meta property=\"og:title\" content=\"Elise Auvray Kin\u00e9siologue - CENTRE DE YOGA\" \/>\n<meta property=\"og:description\" content=\"\u00ab\u00a0Je suis Elise, certifi\u00e9e en Kin\u00e9siologie, Somatoth\u00e9rapie\u00ae,&nbsp;Astrologie en M\u00e9moire Cellulaire et massage bien-\u00eatre. J\u2019ai d\u00e9but\u00e9 mon chemin d\u2019\u00e9volution personnelle en 2005 et passionn\u00e9e par la &hellip;\" \/>\n<meta property=\"og:url\" content=\"https:\/\/www.lamaisondelalchimiste.fr\/?page_id=3490\" \/>\n<meta property=\"og:site_name\" content=\"CENTRE DE YOGA\" \/>\n<meta property=\"article:modified_time\" content=\"2026-02-26T17:36:42+00:00\" \/>\n<meta property=\"og:image\" content=\"https:\/\/www.lamaisondelalchimiste.fr\/wp-content\/uploads\/2025\/07\/Elise-Mlle-violette-Mtp-HD-05540-683x1024.jpg\" \/>\n<meta name=\"twitter:card\" content=\"summary_large_image\" \/>\n<meta name=\"twitter:label1\" content=\"Dur\u00e9e de lecture estim\u00e9e\" \/>\n\t<meta name=\"twitter:data1\" content=\"3 minutes\" \/>\n<script type=\"application\/ld+json\" class=\"yoast-schema-graph\">{\"@context\":\"https:\/\/schema.org\",\"@graph\":[{\"@type\":\"WebSite\",\"@id\":\"https:\/\/www.lamaisondelalchimiste.fr\/#website\",\"url\":\"https:\/\/www.lamaisondelalchimiste.fr\/\",\"name\":\"CENTRE DE YOGA\",\"description\":\"Hatha - Ashtanga - Iyengar - Vinyasa - Yin - Doux - Pilate - Massages - Th\u00e9rapies \",\"potentialAction\":[{\"@type\":\"SearchAction\",\"target\":{\"@type\":\"EntryPoint\",\"urlTemplate\":\"https:\/\/www.lamaisondelalchimiste.fr\/?s={search_term_string}\"},\"query-input\":\"required name=search_term_string\"}],\"inLanguage\":\"fr-FR\"},{\"@type\":\"WebPage\",\"@id\":\"https:\/\/www.lamaisondelalchimiste.fr\/?page_id=3490\",\"url\":\"https:\/\/www.lamaisondelalchimiste.fr\/?page_id=3490\",\"name\":\"Elise Auvray Kin\u00e9siologue - CENTRE DE YOGA\",\"isPartOf\":{\"@id\":\"https:\/\/www.lamaisondelalchimiste.fr\/#website\"},\"datePublished\":\"2023-09-12T11:05:36+00:00\",\"dateModified\":\"2026-02-26T17:36:42+00:00\",\"breadcrumb\":{\"@id\":\"https:\/\/www.lamaisondelalchimiste.fr\/?page_id=3490#breadcrumb\"},\"inLanguage\":\"fr-FR\",\"potentialAction\":[{\"@type\":\"ReadAction\",\"target\":[\"https:\/\/www.lamaisondelalchimiste.fr\/?page_id=3490\"]}]},{\"@type\":\"BreadcrumbList\",\"@id\":\"https:\/\/www.lamaisondelalchimiste.fr\/?page_id=3490#breadcrumb\",\"itemListElement\":[{\"@type\":\"ListItem\",\"position\":1,\"name\":\"Accueil\",\"item\":\"https:\/\/www.lamaisondelalchimiste.fr\/\"},{\"@type\":\"ListItem\",\"position\":2,\"name\":\"Elise Auvray Kin\u00e9siologue\"}]}]}<\/script>\n<!-- \/ Yoast SEO plugin. -->","yoast_head_json":{"title":"Elise Auvray Kin\u00e9siologue - CENTRE DE YOGA","robots":{"index":"index","follow":"follow","max-snippet":"max-snippet:-1","max-image-preview":"max-image-preview:large","max-video-preview":"max-video-preview:-1"},"canonical":"https:\/\/www.lamaisondelalchimiste.fr\/?page_id=3490","og_locale":"fr_FR","og_type":"article","og_title":"Elise Auvray Kin\u00e9siologue - CENTRE DE YOGA","og_description":"\u00ab\u00a0Je suis Elise, certifi\u00e9e en Kin\u00e9siologie, Somatoth\u00e9rapie\u00ae,&nbsp;Astrologie en M\u00e9moire Cellulaire et massage bien-\u00eatre. J\u2019ai d\u00e9but\u00e9 mon chemin d\u2019\u00e9volution personnelle en 2005 et passionn\u00e9e par la &hellip;","og_url":"https:\/\/www.lamaisondelalchimiste.fr\/?page_id=3490","og_site_name":"CENTRE DE YOGA","article_modified_time":"2026-02-26T17:36:42+00:00","og_image":[{"url":"https:\/\/www.lamaisondelalchimiste.fr\/wp-content\/uploads\/2025\/07\/Elise-Mlle-violette-Mtp-HD-05540-683x1024.jpg"}],"twitter_card":"summary_large_image","twitter_misc":{"Dur\u00e9e de lecture estim\u00e9e":"3 minutes"},"schema":{"@context":"https:\/\/schema.org","@graph":[{"@type":"WebSite","@id":"https:\/\/www.lamaisondelalchimiste.fr\/#website","url":"https:\/\/www.lamaisondelalchimiste.fr\/","name":"CENTRE DE YOGA","description":"Hatha - Ashtanga - Iyengar - Vinyasa - Yin - Doux - Pilate - Massages - Th\u00e9rapies ","potentialAction":[{"@type":"SearchAction","target":{"@type":"EntryPoint","urlTemplate":"https:\/\/www.lamaisondelalchimiste.fr\/?s={search_term_string}"},"query-input":"required name=search_term_string"}],"inLanguage":"fr-FR"},{"@type":"WebPage","@id":"https:\/\/www.lamaisondelalchimiste.fr\/?page_id=3490","url":"https:\/\/www.lamaisondelalchimiste.fr\/?page_id=3490","name":"Elise Auvray Kin\u00e9siologue - CENTRE DE YOGA","isPartOf":{"@id":"https:\/\/www.lamaisondelalchimiste.fr\/#website"},"datePublished":"2023-09-12T11:05:36+00:00","dateModified":"2026-02-26T17:36:42+00:00","breadcrumb":{"@id":"https:\/\/www.lamaisondelalchimiste.fr\/?page_id=3490#breadcrumb"},"inLanguage":"fr-FR","potentialAction":[{"@type":"ReadAction","target":["https:\/\/www.lamaisondelalchimiste.fr\/?page_id=3490"]}]},{"@type":"BreadcrumbList","@id":"https:\/\/www.lamaisondelalchimiste.fr\/?page_id=3490#breadcrumb","itemListElement":[{"@type":"ListItem","position":1,"name":"Accueil","item":"https:\/\/www.lamaisondelalchimiste.fr\/"},{"@type":"ListItem","position":2,"name":"Elise Auvray Kin\u00e9siologue"}]}]}},"_links":{"self":[{"href":"https:\/\/www.lamaisondelalchimiste.fr\/index.php?rest_route=\/wp\/v2\/pages\/3490","targetHints":{"allow":["GET"]}}],"collection":[{"href":"https:\/\/www.lamaisondelalchimiste.fr\/index.php?rest_route=\/wp\/v2\/pages"}],"about":[{"href":"https:\/\/www.lamaisondelalchimiste.fr\/index.php?rest_route=\/wp\/v2\/types\/page"}],"author":[{"embeddable":true,"href":"https:\/\/www.lamaisondelalchimiste.fr\/index.php?rest_route=\/wp\/v2\/users\/1"}],"replies":[{"embeddable":true,"href":"https:\/\/www.lamaisondelalchimiste.fr\/index.php?rest_route=%2Fwp%2Fv2%2Fcomments&post=3490"}],"version-history":[{"count":5,"href":"https:\/\/www.lamaisondelalchimiste.fr\/index.php?rest_route=\/wp\/v2\/pages\/3490\/revisions"}],"predecessor-version":[{"id":4013,"href":"https:\/\/www.lamaisondelalchimiste.fr\/index.php?rest_route=\/wp\/v2\/pages\/3490\/revisions\/4013"}],"wp:attachment":[{"href":"https:\/\/www.lamaisondelalchimiste.fr\/index.php?rest_route=%2Fwp%2Fv2%2Fmedia&parent=3490"}],"curies":[{"name":"wp","href":"https:\/\/api.w.org\/{rel}","templated":true}]}}