{"id":3401,"date":"2023-06-27T14:00:35","date_gmt":"2023-06-27T13:00:35","guid":{"rendered":"https:\/\/www.lamaisondelalchimiste.fr\/?page_id=3401"},"modified":"2026-03-30T20:20:28","modified_gmt":"2026-03-30T19:20:28","slug":"marie-laure","status":"publish","type":"page","link":"https:\/\/www.lamaisondelalchimiste.fr\/?page_id=3401","title":{"rendered":"Marie-Laure"},"content":{"rendered":"\n<figure class=\"wp-block-image size-large is-resized\"><a href=\"https:\/\/www.lamaisondelalchimiste.fr\/wp-content\/uploads\/2026\/03\/IMG-20260227-WA0024.jpg\"><img loading=\"lazy\" decoding=\"async\" width=\"819\" height=\"1024\" src=\"https:\/\/www.lamaisondelalchimiste.fr\/wp-content\/uploads\/2026\/03\/IMG-20260227-WA0024-819x1024.jpg\" alt=\"\" class=\"wp-image-4057\" style=\"aspect-ratio:0.799812124668702;width:438px;height:auto\" srcset=\"https:\/\/www.lamaisondelalchimiste.fr\/wp-content\/uploads\/2026\/03\/IMG-20260227-WA0024-819x1024.jpg 819w, https:\/\/www.lamaisondelalchimiste.fr\/wp-content\/uploads\/2026\/03\/IMG-20260227-WA0024-240x300.jpg 240w, https:\/\/www.lamaisondelalchimiste.fr\/wp-content\/uploads\/2026\/03\/IMG-20260227-WA0024-768x960.jpg 768w, https:\/\/www.lamaisondelalchimiste.fr\/wp-content\/uploads\/2026\/03\/IMG-20260227-WA0024-1229x1536.jpg 1229w, https:\/\/www.lamaisondelalchimiste.fr\/wp-content\/uploads\/2026\/03\/IMG-20260227-WA0024-48x60.jpg 48w, https:\/\/www.lamaisondelalchimiste.fr\/wp-content\/uploads\/2026\/03\/IMG-20260227-WA0024.jpg 1280w\" sizes=\"auto, (max-width: 819px) 100vw, 819px\" \/><\/a><\/figure>\n\n\n\n<p><strong>Cours \u00e0 la Maison de l&rsquo;Alchimiste<\/strong> (d\u00e8s septembre 2026)<\/p>\n\n\n\n<ul class=\"wp-block-list\">\n<li>mardi 10h-11h15: yoga doux<\/li>\n\n\n\n<li>mercredi 18h-19h15: pilate<\/li>\n\n\n\n<li>mercredi 19h30-20h45: vinyasa dynamique<\/li>\n\n\n\n<li>jeudi 10h-11h15: vinyasa doux<\/li>\n<\/ul>\n\n\n\n<p>Toute petite d\u00e9j\u00e0, j&rsquo;\u00e9tais fascin\u00e9e par le mouvement, par le corps, v\u00e9ritable moyen d&rsquo;expression pour moi. De nature sensible, amoureuse de la nature et passionn\u00e9e par la musique, j&rsquo;ai d\u00e9marr\u00e9 la danse tr\u00e8s t\u00f4t.<\/p>\n\n\n\n<p>Apr\u00e8s une premi\u00e8re vie professionnelle tr\u00e9pidante dans l&rsquo;h\u00f4tellerie et la restauration de luxe \u00e0 d\u00e9couvrir le monde et apr\u00e8s un burn out, je suis revenue m&rsquo;installer sur Montpellier, ma ville natale pour renouer avec mes racines, et me poser.<\/p>\n\n\n\n<p>Int\u00e9ress\u00e9e par la transmission, j&rsquo;ai \u00e9volu\u00e9 plusieurs ann\u00e9es dans un centre de formation \u00e0 partager avec les professionnels et les jeunes, mon amour du m\u00e9tier de la gastronomie, de l&rsquo;accueil et des relations humaines.<\/p>\n\n\n\n<p>Et c&rsquo;est \u00e0 cause ou plut\u00f4t devrais-je dire gr\u00e2ce \u00e0 la maladie que j&rsquo;ai rencontr\u00e9 le yoga. Immobilis\u00e9e par les op\u00e9rations et affaiblit par les traitements, le yoga m&rsquo;a cueilli \u00e0 un moment charni\u00e8re de ma vie. Il m&rsquo;a apport\u00e9 l&rsquo;acceptation et le pardon dans un corps meurtri ; la paix et le calme dans un esprit agit\u00e9 et d\u00e9sempar\u00e9.&nbsp; Il m&rsquo;a permis de traverser cette lourde \u00e9preuve et de faire de mon tapis un v\u00e9ritable refuge. Ann\u00e9es apr\u00e8s ann\u00e9es \u00e0 travers la pratique du Vinyasa, du Yoga Hormonal, de l&rsquo;Ashtanga, et du Yoga Nidra, j&rsquo;ai apprivois\u00e9 mes nouvelles limites, appris \u00e0 respirer, \u00e0 m\u00e9diter et mettre de la conscience dans mon quotidien.<\/p>\n\n\n\n<p>C&rsquo;est avec beaucoup de patience et d&rsquo;abn\u00e9gation que j&rsquo;ai d\u00e9couvert le pouvoir du yoga et la magie de la transformation qu&rsquo;il procure. Et c&rsquo;est naturellement que j&rsquo;ai d\u00e9cid\u00e9 de m&rsquo;engager sur le chemin passionnant de la d\u00e9couverte de Soi!<\/p>\n\n\n\n<p>A la fois professeur et apprenti yogi, je continue de me former et d&rsquo;apprendre sur tout ce qui touche au Bien Etre, \u00e0 la gestion du stress, \u00e0 la Sant\u00e9 et la Vitalit\u00e9.<\/p>\n\n\n\n<p>Le yoga est pour moi un Art de vivre, un chemin de Gu\u00e9rison, une ode \u00e0 l&rsquo;univers. V\u00e9ritable voie d&rsquo;Eveil, c&rsquo;est une pratique qui me permet d&rsquo;unifier mon corps, mon esprit et mon \u00e2me.<\/p>\n\n\n\n<p>Je trouve mon inspiration dans la nature, dans les cycles de la vie. Mon yoga est intuitif et incarn\u00e9, c&rsquo;est le yoga de l&rsquo;\u00c2me (SoulYoga). Il se veut&nbsp;\u00e0 la fois&nbsp;doux et intense, et c&rsquo;est avec une immense joie que je le partage en musique,&nbsp;avec humilit\u00e9&nbsp;et \u00e9coute.<\/p>\n\n\n\n<p>Avec moi c&rsquo;est le yoga pour tous mais surtout le yoga pour Chacun!<\/p>\n\n\n\n<p>Je vous retrouve \u00e0 la Maison de l&rsquo;Alchimiste pour partager un Vinyasa doux, une invitation de reconnexion \u00e0 votre nature profonde&nbsp;<\/p>\n\n\n\n<p>A tout bient\u00f4t,<\/p>\n\n\n\n<p>Marie-Laure Durand&nbsp;<\/p>\n\n\n\n<p>Site Internet: <a href=\"https:\/\/marielauresoulyoga.com\/\">marielauresoulyoga.com<\/a><\/p>\n\n\n\n<ul class=\"wp-block-social-links is-layout-flex wp-block-social-links-is-layout-flex\"><li class=\"wp-social-link wp-social-link-instagram  wp-block-social-link\"><a href=\"https:\/\/www.instagram.com\/marielaure_soulyoga?igsh=MWhpdGNveGo0aG5qdQ==\" class=\"wp-block-social-link-anchor\"><svg width=\"24\" height=\"24\" viewBox=\"0 0 24 24\" version=\"1.1\" xmlns=\"http:\/\/www.w3.org\/2000\/svg\" aria-hidden=\"true\" focusable=\"false\"><path d=\"M12,4.622c2.403,0,2.688,0.009,3.637,0.052c0.877,0.04,1.354,0.187,1.671,0.31c0.42,0.163,0.72,0.358,1.035,0.673 c0.315,0.315,0.51,0.615,0.673,1.035c0.123,0.317,0.27,0.794,0.31,1.671c0.043,0.949,0.052,1.234,0.052,3.637 s-0.009,2.688-0.052,3.637c-0.04,0.877-0.187,1.354-0.31,1.671c-0.163,0.42-0.358,0.72-0.673,1.035 c-0.315,0.315-0.615,0.51-1.035,0.673c-0.317,0.123-0.794,0.27-1.671,0.31c-0.949,0.043-1.233,0.052-3.637,0.052 s-2.688-0.009-3.637-0.052c-0.877-0.04-1.354-0.187-1.671-0.31c-0.42-0.163-0.72-0.358-1.035-0.673 c-0.315-0.315-0.51-0.615-0.673-1.035c-0.123-0.317-0.27-0.794-0.31-1.671C4.631,14.688,4.622,14.403,4.622,12 s0.009-2.688,0.052-3.637c0.04-0.877,0.187-1.354,0.31-1.671c0.163-0.42,0.358-0.72,0.673-1.035 c0.315-0.315,0.615-0.51,1.035-0.673c0.317-0.123,0.794-0.27,1.671-0.31C9.312,4.631,9.597,4.622,12,4.622 M12,3 C9.556,3,9.249,3.01,8.289,3.054C7.331,3.098,6.677,3.25,6.105,3.472C5.513,3.702,5.011,4.01,4.511,4.511 c-0.5,0.5-0.808,1.002-1.038,1.594C3.25,6.677,3.098,7.331,3.054,8.289C3.01,9.249,3,9.556,3,12c0,2.444,0.01,2.751,0.054,3.711 c0.044,0.958,0.196,1.612,0.418,2.185c0.23,0.592,0.538,1.094,1.038,1.594c0.5,0.5,1.002,0.808,1.594,1.038 c0.572,0.222,1.227,0.375,2.185,0.418C9.249,20.99,9.556,21,12,21s2.751-0.01,3.711-0.054c0.958-0.044,1.612-0.196,2.185-0.418 c0.592-0.23,1.094-0.538,1.594-1.038c0.5-0.5,0.808-1.002,1.038-1.594c0.222-0.572,0.375-1.227,0.418-2.185 C20.99,14.751,21,14.444,21,12s-0.01-2.751-0.054-3.711c-0.044-0.958-0.196-1.612-0.418-2.185c-0.23-0.592-0.538-1.094-1.038-1.594 c-0.5-0.5-1.002-0.808-1.594-1.038c-0.572-0.222-1.227-0.375-2.185-0.418C14.751,3.01,14.444,3,12,3L12,3z M12,7.378 c-2.552,0-4.622,2.069-4.622,4.622S9.448,16.622,12,16.622s4.622-2.069,4.622-4.622S14.552,7.378,12,7.378z M12,15 c-1.657,0-3-1.343-3-3s1.343-3,3-3s3,1.343,3,3S13.657,15,12,15z M16.804,6.116c-0.596,0-1.08,0.484-1.08,1.08 s0.484,1.08,1.08,1.08c0.596,0,1.08-0.484,1.08-1.08S17.401,6.116,16.804,6.116z\"><\/path><\/svg><span class=\"wp-block-social-link-label screen-reader-text\">Instagram<\/span><\/a><\/li><\/ul>\n","protected":false},"excerpt":{"rendered":"<p>Cours \u00e0 la Maison de l&rsquo;Alchimiste (d\u00e8s septembre 2026) Toute petite d\u00e9j\u00e0, j&rsquo;\u00e9tais fascin\u00e9e par le mouvement, par le corps, v\u00e9ritable moyen d&rsquo;expression pour moi. &hellip; <\/p>\n","protected":false},"author":1,"featured_media":0,"parent":0,"menu_order":0,"comment_status":"closed","ping_status":"closed","template":"","meta":{"footnotes":""},"class_list":["post-3401","page","type-page","status-publish","hentry","latest_post"],"yoast_head":"<!-- This site is optimized with the Yoast SEO plugin v19.4 - https:\/\/yoast.com\/wordpress\/plugins\/seo\/ -->\n<title>Marie-Laure - CENTRE DE YOGA<\/title>\n<meta name=\"robots\" content=\"index, follow, max-snippet:-1, max-image-preview:large, max-video-preview:-1\" \/>\n<link rel=\"canonical\" href=\"https:\/\/www.lamaisondelalchimiste.fr\/?page_id=3401\" \/>\n<meta property=\"og:locale\" content=\"fr_FR\" \/>\n<meta property=\"og:type\" content=\"article\" \/>\n<meta property=\"og:title\" content=\"Marie-Laure - CENTRE DE YOGA\" \/>\n<meta property=\"og:description\" content=\"Cours \u00e0 la Maison de l&rsquo;Alchimiste (d\u00e8s septembre 2026) Toute petite d\u00e9j\u00e0, j&rsquo;\u00e9tais fascin\u00e9e par le mouvement, par le corps, v\u00e9ritable moyen d&rsquo;expression pour moi. &hellip;\" \/>\n<meta property=\"og:url\" content=\"https:\/\/www.lamaisondelalchimiste.fr\/?page_id=3401\" \/>\n<meta property=\"og:site_name\" content=\"CENTRE DE YOGA\" \/>\n<meta property=\"article:modified_time\" content=\"2026-03-30T19:20:28+00:00\" \/>\n<meta property=\"og:image\" content=\"https:\/\/www.lamaisondelalchimiste.fr\/wp-content\/uploads\/2026\/03\/IMG-20260227-WA0024-819x1024.jpg\" \/>\n<meta name=\"twitter:card\" content=\"summary_large_image\" \/>\n<meta name=\"twitter:label1\" content=\"Dur\u00e9e de lecture estim\u00e9e\" \/>\n\t<meta name=\"twitter:data1\" content=\"3 minutes\" \/>\n<script type=\"application\/ld+json\" class=\"yoast-schema-graph\">{\"@context\":\"https:\/\/schema.org\",\"@graph\":[{\"@type\":\"WebSite\",\"@id\":\"https:\/\/www.lamaisondelalchimiste.fr\/#website\",\"url\":\"https:\/\/www.lamaisondelalchimiste.fr\/\",\"name\":\"CENTRE DE YOGA\",\"description\":\"Hatha - Ashtanga - Iyengar - Vinyasa - Yin - Doux - Pilate - Massages - Th\u00e9rapies \",\"potentialAction\":[{\"@type\":\"SearchAction\",\"target\":{\"@type\":\"EntryPoint\",\"urlTemplate\":\"https:\/\/www.lamaisondelalchimiste.fr\/?s={search_term_string}\"},\"query-input\":\"required name=search_term_string\"}],\"inLanguage\":\"fr-FR\"},{\"@type\":\"WebPage\",\"@id\":\"https:\/\/www.lamaisondelalchimiste.fr\/?page_id=3401\",\"url\":\"https:\/\/www.lamaisondelalchimiste.fr\/?page_id=3401\",\"name\":\"Marie-Laure - CENTRE DE YOGA\",\"isPartOf\":{\"@id\":\"https:\/\/www.lamaisondelalchimiste.fr\/#website\"},\"datePublished\":\"2023-06-27T13:00:35+00:00\",\"dateModified\":\"2026-03-30T19:20:28+00:00\",\"breadcrumb\":{\"@id\":\"https:\/\/www.lamaisondelalchimiste.fr\/?page_id=3401#breadcrumb\"},\"inLanguage\":\"fr-FR\",\"potentialAction\":[{\"@type\":\"ReadAction\",\"target\":[\"https:\/\/www.lamaisondelalchimiste.fr\/?page_id=3401\"]}]},{\"@type\":\"BreadcrumbList\",\"@id\":\"https:\/\/www.lamaisondelalchimiste.fr\/?page_id=3401#breadcrumb\",\"itemListElement\":[{\"@type\":\"ListItem\",\"position\":1,\"name\":\"Accueil\",\"item\":\"https:\/\/www.lamaisondelalchimiste.fr\/\"},{\"@type\":\"ListItem\",\"position\":2,\"name\":\"Marie-Laure\"}]}]}<\/script>\n<!-- \/ Yoast SEO plugin. -->","yoast_head_json":{"title":"Marie-Laure - CENTRE DE YOGA","robots":{"index":"index","follow":"follow","max-snippet":"max-snippet:-1","max-image-preview":"max-image-preview:large","max-video-preview":"max-video-preview:-1"},"canonical":"https:\/\/www.lamaisondelalchimiste.fr\/?page_id=3401","og_locale":"fr_FR","og_type":"article","og_title":"Marie-Laure - CENTRE DE YOGA","og_description":"Cours \u00e0 la Maison de l&rsquo;Alchimiste (d\u00e8s septembre 2026) Toute petite d\u00e9j\u00e0, j&rsquo;\u00e9tais fascin\u00e9e par le mouvement, par le corps, v\u00e9ritable moyen d&rsquo;expression pour moi. &hellip;","og_url":"https:\/\/www.lamaisondelalchimiste.fr\/?page_id=3401","og_site_name":"CENTRE DE YOGA","article_modified_time":"2026-03-30T19:20:28+00:00","og_image":[{"url":"https:\/\/www.lamaisondelalchimiste.fr\/wp-content\/uploads\/2026\/03\/IMG-20260227-WA0024-819x1024.jpg"}],"twitter_card":"summary_large_image","twitter_misc":{"Dur\u00e9e de lecture estim\u00e9e":"3 minutes"},"schema":{"@context":"https:\/\/schema.org","@graph":[{"@type":"WebSite","@id":"https:\/\/www.lamaisondelalchimiste.fr\/#website","url":"https:\/\/www.lamaisondelalchimiste.fr\/","name":"CENTRE DE YOGA","description":"Hatha - Ashtanga - Iyengar - Vinyasa - Yin - Doux - Pilate - Massages - Th\u00e9rapies ","potentialAction":[{"@type":"SearchAction","target":{"@type":"EntryPoint","urlTemplate":"https:\/\/www.lamaisondelalchimiste.fr\/?s={search_term_string}"},"query-input":"required name=search_term_string"}],"inLanguage":"fr-FR"},{"@type":"WebPage","@id":"https:\/\/www.lamaisondelalchimiste.fr\/?page_id=3401","url":"https:\/\/www.lamaisondelalchimiste.fr\/?page_id=3401","name":"Marie-Laure - CENTRE DE YOGA","isPartOf":{"@id":"https:\/\/www.lamaisondelalchimiste.fr\/#website"},"datePublished":"2023-06-27T13:00:35+00:00","dateModified":"2026-03-30T19:20:28+00:00","breadcrumb":{"@id":"https:\/\/www.lamaisondelalchimiste.fr\/?page_id=3401#breadcrumb"},"inLanguage":"fr-FR","potentialAction":[{"@type":"ReadAction","target":["https:\/\/www.lamaisondelalchimiste.fr\/?page_id=3401"]}]},{"@type":"BreadcrumbList","@id":"https:\/\/www.lamaisondelalchimiste.fr\/?page_id=3401#breadcrumb","itemListElement":[{"@type":"ListItem","position":1,"name":"Accueil","item":"https:\/\/www.lamaisondelalchimiste.fr\/"},{"@type":"ListItem","position":2,"name":"Marie-Laure"}]}]}},"_links":{"self":[{"href":"https:\/\/www.lamaisondelalchimiste.fr\/index.php?rest_route=\/wp\/v2\/pages\/3401","targetHints":{"allow":["GET"]}}],"collection":[{"href":"https:\/\/www.lamaisondelalchimiste.fr\/index.php?rest_route=\/wp\/v2\/pages"}],"about":[{"href":"https:\/\/www.lamaisondelalchimiste.fr\/index.php?rest_route=\/wp\/v2\/types\/page"}],"author":[{"embeddable":true,"href":"https:\/\/www.lamaisondelalchimiste.fr\/index.php?rest_route=\/wp\/v2\/users\/1"}],"replies":[{"embeddable":true,"href":"https:\/\/www.lamaisondelalchimiste.fr\/index.php?rest_route=%2Fwp%2Fv2%2Fcomments&post=3401"}],"version-history":[{"count":8,"href":"https:\/\/www.lamaisondelalchimiste.fr\/index.php?rest_route=\/wp\/v2\/pages\/3401\/revisions"}],"predecessor-version":[{"id":4153,"href":"https:\/\/www.lamaisondelalchimiste.fr\/index.php?rest_route=\/wp\/v2\/pages\/3401\/revisions\/4153"}],"wp:attachment":[{"href":"https:\/\/www.lamaisondelalchimiste.fr\/index.php?rest_route=%2Fwp%2Fv2%2Fmedia&parent=3401"}],"curies":[{"name":"wp","href":"https:\/\/api.w.org\/{rel}","templated":true}]}}