{"id":3184,"date":"2022-08-06T18:51:53","date_gmt":"2022-08-06T17:51:53","guid":{"rendered":"https:\/\/www.lamaisondelalchimiste.fr\/?page_id=3184"},"modified":"2026-03-30T13:07:26","modified_gmt":"2026-03-30T12:07:26","slug":"mon-parcours","status":"publish","type":"page","link":"https:\/\/www.lamaisondelalchimiste.fr\/?page_id=3184","title":{"rendered":"Les professeurs"},"content":{"rendered":"\n<p><a href=\"https:\/\/www.lamaisondelalchimiste.fr\/?page_id=819\" target=\"_blank\" rel=\"noreferrer noopener\">Fanny Chassefi\u00e8re<\/a><\/p>\n\n\n\n<p><a href=\"https:\/\/www.lamaisondelalchimiste.fr\/?page_id=2906\" target=\"_blank\" rel=\"noreferrer noopener\">Manon Nastorg<\/a><\/p>\n\n\n\n<p><a href=\"https:\/\/www.lamaisondelalchimiste.fr\/?page_id=3407\" target=\"_blank\" rel=\"noreferrer noopener\">Rapha\u00eblle Cadenas<\/a><\/p>\n\n\n\n<p><a href=\"https:\/\/www.lamaisondelalchimiste.fr\/?page_id=3401\" target=\"_blank\" rel=\"noreferrer noopener\">Marie-Laure Durand<\/a><\/p>\n\n\n\n<p><a href=\"https:\/\/www.lamaisondelalchimiste.fr\/?page_id=812\" target=\"_blank\" rel=\"noreferrer noopener\">Franco Senica<\/a><\/p>\n\n\n\n<p><a href=\"https:\/\/www.lamaisondelalchimiste.fr\/?page_id=1686\" target=\"_blank\" rel=\"noreferrer noopener\">Christian Bosio<\/a><\/p>\n\n\n\n<p><a href=\"https:\/\/www.lamaisondelalchimiste.fr\/?page_id=3873\">Audrey Gay<\/a><\/p>\n\n\n\n<p><a href=\"https:\/\/www.lamaisondelalchimiste.fr\/?page_id=4052\">Ana\u00efs Grau<\/a><\/p>\n\n\n\n<p><a href=\"https:\/\/www.lamaisondelalchimiste.fr\/?page_id=3941\">Ombeline Gavroy<\/a><\/p>\n","protected":false},"excerpt":{"rendered":"<p>Fanny Chassefi\u00e8re Manon Nastorg Rapha\u00eblle Cadenas Marie-Laure Durand Franco Senica Christian Bosio Audrey Gay Ana\u00efs Grau Ombeline Gavroy<\/p>\n","protected":false},"author":1,"featured_media":0,"parent":0,"menu_order":0,"comment_status":"closed","ping_status":"closed","template":"","meta":{"footnotes":""},"class_list":["post-3184","page","type-page","status-publish","hentry","latest_post"],"yoast_head":"<!-- This site is optimized with the Yoast SEO plugin v19.4 - https:\/\/yoast.com\/wordpress\/plugins\/seo\/ -->\n<title>Les professeurs - CENTRE DE YOGA<\/title>\n<meta name=\"robots\" content=\"index, follow, max-snippet:-1, max-image-preview:large, max-video-preview:-1\" \/>\n<link rel=\"canonical\" href=\"https:\/\/www.lamaisondelalchimiste.fr\/?page_id=3184\" \/>\n<meta property=\"og:locale\" content=\"fr_FR\" \/>\n<meta property=\"og:type\" content=\"article\" \/>\n<meta property=\"og:title\" content=\"Les professeurs - CENTRE DE YOGA\" \/>\n<meta property=\"og:description\" content=\"Fanny Chassefi\u00e8re Manon Nastorg Rapha\u00eblle Cadenas Marie-Laure Durand Franco Senica Christian Bosio Audrey Gay Ana\u00efs Grau Ombeline Gavroy\" \/>\n<meta property=\"og:url\" content=\"https:\/\/www.lamaisondelalchimiste.fr\/?page_id=3184\" \/>\n<meta property=\"og:site_name\" content=\"CENTRE DE YOGA\" \/>\n<meta property=\"article:modified_time\" content=\"2026-03-30T12:07:26+00:00\" \/>\n<meta name=\"twitter:card\" content=\"summary_large_image\" \/>\n<meta name=\"twitter:label1\" content=\"Dur\u00e9e de lecture estim\u00e9e\" \/>\n\t<meta name=\"twitter:data1\" content=\"1 minute\" \/>\n<script type=\"application\/ld+json\" class=\"yoast-schema-graph\">{\"@context\":\"https:\/\/schema.org\",\"@graph\":[{\"@type\":\"WebSite\",\"@id\":\"https:\/\/www.lamaisondelalchimiste.fr\/#website\",\"url\":\"https:\/\/www.lamaisondelalchimiste.fr\/\",\"name\":\"CENTRE DE YOGA\",\"description\":\"Hatha - Ashtanga - Iyengar - Vinyasa - Yin - Doux - Pilate - Massages - Th\u00e9rapies \",\"potentialAction\":[{\"@type\":\"SearchAction\",\"target\":{\"@type\":\"EntryPoint\",\"urlTemplate\":\"https:\/\/www.lamaisondelalchimiste.fr\/?s={search_term_string}\"},\"query-input\":\"required name=search_term_string\"}],\"inLanguage\":\"fr-FR\"},{\"@type\":\"WebPage\",\"@id\":\"https:\/\/www.lamaisondelalchimiste.fr\/?page_id=3184\",\"url\":\"https:\/\/www.lamaisondelalchimiste.fr\/?page_id=3184\",\"name\":\"Les professeurs - CENTRE DE YOGA\",\"isPartOf\":{\"@id\":\"https:\/\/www.lamaisondelalchimiste.fr\/#website\"},\"datePublished\":\"2022-08-06T17:51:53+00:00\",\"dateModified\":\"2026-03-30T12:07:26+00:00\",\"breadcrumb\":{\"@id\":\"https:\/\/www.lamaisondelalchimiste.fr\/?page_id=3184#breadcrumb\"},\"inLanguage\":\"fr-FR\",\"potentialAction\":[{\"@type\":\"ReadAction\",\"target\":[\"https:\/\/www.lamaisondelalchimiste.fr\/?page_id=3184\"]}]},{\"@type\":\"BreadcrumbList\",\"@id\":\"https:\/\/www.lamaisondelalchimiste.fr\/?page_id=3184#breadcrumb\",\"itemListElement\":[{\"@type\":\"ListItem\",\"position\":1,\"name\":\"Accueil\",\"item\":\"https:\/\/www.lamaisondelalchimiste.fr\/\"},{\"@type\":\"ListItem\",\"position\":2,\"name\":\"Les professeurs\"}]}]}<\/script>\n<!-- \/ Yoast SEO plugin. -->","yoast_head_json":{"title":"Les professeurs - CENTRE DE YOGA","robots":{"index":"index","follow":"follow","max-snippet":"max-snippet:-1","max-image-preview":"max-image-preview:large","max-video-preview":"max-video-preview:-1"},"canonical":"https:\/\/www.lamaisondelalchimiste.fr\/?page_id=3184","og_locale":"fr_FR","og_type":"article","og_title":"Les professeurs - CENTRE DE YOGA","og_description":"Fanny Chassefi\u00e8re Manon Nastorg Rapha\u00eblle Cadenas Marie-Laure Durand Franco Senica Christian Bosio Audrey Gay Ana\u00efs Grau Ombeline Gavroy","og_url":"https:\/\/www.lamaisondelalchimiste.fr\/?page_id=3184","og_site_name":"CENTRE DE YOGA","article_modified_time":"2026-03-30T12:07:26+00:00","twitter_card":"summary_large_image","twitter_misc":{"Dur\u00e9e de lecture estim\u00e9e":"1 minute"},"schema":{"@context":"https:\/\/schema.org","@graph":[{"@type":"WebSite","@id":"https:\/\/www.lamaisondelalchimiste.fr\/#website","url":"https:\/\/www.lamaisondelalchimiste.fr\/","name":"CENTRE DE YOGA","description":"Hatha - Ashtanga - Iyengar - Vinyasa - Yin - Doux - Pilate - Massages - Th\u00e9rapies ","potentialAction":[{"@type":"SearchAction","target":{"@type":"EntryPoint","urlTemplate":"https:\/\/www.lamaisondelalchimiste.fr\/?s={search_term_string}"},"query-input":"required name=search_term_string"}],"inLanguage":"fr-FR"},{"@type":"WebPage","@id":"https:\/\/www.lamaisondelalchimiste.fr\/?page_id=3184","url":"https:\/\/www.lamaisondelalchimiste.fr\/?page_id=3184","name":"Les professeurs - CENTRE DE YOGA","isPartOf":{"@id":"https:\/\/www.lamaisondelalchimiste.fr\/#website"},"datePublished":"2022-08-06T17:51:53+00:00","dateModified":"2026-03-30T12:07:26+00:00","breadcrumb":{"@id":"https:\/\/www.lamaisondelalchimiste.fr\/?page_id=3184#breadcrumb"},"inLanguage":"fr-FR","potentialAction":[{"@type":"ReadAction","target":["https:\/\/www.lamaisondelalchimiste.fr\/?page_id=3184"]}]},{"@type":"BreadcrumbList","@id":"https:\/\/www.lamaisondelalchimiste.fr\/?page_id=3184#breadcrumb","itemListElement":[{"@type":"ListItem","position":1,"name":"Accueil","item":"https:\/\/www.lamaisondelalchimiste.fr\/"},{"@type":"ListItem","position":2,"name":"Les professeurs"}]}]}},"_links":{"self":[{"href":"https:\/\/www.lamaisondelalchimiste.fr\/index.php?rest_route=\/wp\/v2\/pages\/3184","targetHints":{"allow":["GET"]}}],"collection":[{"href":"https:\/\/www.lamaisondelalchimiste.fr\/index.php?rest_route=\/wp\/v2\/pages"}],"about":[{"href":"https:\/\/www.lamaisondelalchimiste.fr\/index.php?rest_route=\/wp\/v2\/types\/page"}],"author":[{"embeddable":true,"href":"https:\/\/www.lamaisondelalchimiste.fr\/index.php?rest_route=\/wp\/v2\/users\/1"}],"replies":[{"embeddable":true,"href":"https:\/\/www.lamaisondelalchimiste.fr\/index.php?rest_route=%2Fwp%2Fv2%2Fcomments&post=3184"}],"version-history":[{"count":18,"href":"https:\/\/www.lamaisondelalchimiste.fr\/index.php?rest_route=\/wp\/v2\/pages\/3184\/revisions"}],"predecessor-version":[{"id":4118,"href":"https:\/\/www.lamaisondelalchimiste.fr\/index.php?rest_route=\/wp\/v2\/pages\/3184\/revisions\/4118"}],"wp:attachment":[{"href":"https:\/\/www.lamaisondelalchimiste.fr\/index.php?rest_route=%2Fwp%2Fv2%2Fmedia&parent=3184"}],"curies":[{"name":"wp","href":"https:\/\/api.w.org\/{rel}","templated":true}]}}