{"id":1686,"date":"2018-09-11T11:29:37","date_gmt":"2018-09-11T10:29:37","guid":{"rendered":"http:\/\/www.lamaisondelalchimiste.fr\/?page_id=1686"},"modified":"2026-03-30T12:30:14","modified_gmt":"2026-03-30T11:30:14","slug":"christian-bosio","status":"publish","type":"page","link":"https:\/\/www.lamaisondelalchimiste.fr\/?page_id=1686","title":{"rendered":"Christian Bosio"},"content":{"rendered":"\n<figure class=\"wp-block-image size-large is-resized\"><a href=\"https:\/\/www.lamaisondelalchimiste.fr\/wp-content\/uploads\/2023\/06\/christian.jpg\"><img loading=\"lazy\" decoding=\"async\" width=\"768\" height=\"1024\" src=\"https:\/\/www.lamaisondelalchimiste.fr\/wp-content\/uploads\/2023\/06\/christian-768x1024.jpg\" alt=\"\" class=\"wp-image-3433\" style=\"aspect-ratio:0.7500039324870621;width:471px;height:auto\" srcset=\"https:\/\/www.lamaisondelalchimiste.fr\/wp-content\/uploads\/2023\/06\/christian-768x1023.jpg 768w, https:\/\/www.lamaisondelalchimiste.fr\/wp-content\/uploads\/2023\/06\/christian-225x300.jpg 225w, https:\/\/www.lamaisondelalchimiste.fr\/wp-content\/uploads\/2023\/06\/christian-45x60.jpg 45w, https:\/\/www.lamaisondelalchimiste.fr\/wp-content\/uploads\/2023\/06\/christian.jpg 800w\" sizes=\"auto, (max-width: 768px) 100vw, 768px\" \/><\/a><\/figure>\n\n\n\n<p><strong>Cours \u00e0 la Maison de l&rsquo;Alchimiste<\/strong><\/p>\n\n\n\n<ul class=\"wp-block-list\">\n<li>mardi 12h15-13h30: Yoga Iyengar <\/li>\n<\/ul>\n\n\n\n<p><em><strong>Christian Bosio&nbsp;<\/strong><\/em>est professeur de yoga certifi\u00e9 par le Ramamani Iyengar Memorial Yoga Institute (RIMYI) de Pune (Inde) et membre de l\u2019Association Fran\u00e7aise de Yoga Iyengar (AFYI). Attir\u00e9 depuis toujours par l\u2019Inde, plusieurs s\u00e9jours en ce pays, \u00e0 partir de 2005, ont beaucoup orient\u00e9 ses choix de vie. Sa pratique spirituelle allie la profondeur de la M\u00e9ditation Vipassana avec la pr\u00e9cision anatomique et la rigueur du travail corporel du Yoga Iyengar\u00ae.<\/p>\n\n\n\n<p>Le Yoga Iyengar\u00ae est accessible \u00e0 tous ; l\u2019enseignement est progressif et adapt\u00e9 aux capacit\u00e9s physiques de chacun. Il met surtout l\u2019accent sur la pr\u00e9cision et l\u2019alignement dans les postures de yoga : rassembler et concentrer son \u00e9nergie physique et mentale dans les postures permet d\u2019atteindre la stabilit\u00e9. Cette pratique permet ainsi de d\u00e9velopper un meilleur \u00e9quilibre physique et mental.<\/p>\n\n\n\n<p>L\u2019utilisation de supports (ceintures, couvertures, etc.) aide le pratiquant \u00e0 ressentir les diff\u00e9rents b\u00e9n\u00e9fices des postures et lui permet de pratiquer avec pr\u00e9cision et respect du corps.<\/p>\n\n\n\n<p>Christian<\/p>\n\n\n\n<p>contact: <em>adhitthanayoga@gmail.com&nbsp;<\/em><\/p>\n\n\n\n<p>&nbsp;<\/p>\n\n\n<div class=\"wp-block-image\">\n<figure class=\"aligncenter size-large is-resized\"><a href=\"https:\/\/www.lamaisondelalchimiste.fr\/wp-content\/uploads\/2025\/09\/IMG-20250919-WA0008.jpg\"><img loading=\"lazy\" decoding=\"async\" width=\"724\" height=\"1024\" src=\"https:\/\/www.lamaisondelalchimiste.fr\/wp-content\/uploads\/2025\/09\/IMG-20250919-WA0008-724x1024.jpg\" alt=\"\" class=\"wp-image-3947\" style=\"width:423px;height:auto\" srcset=\"https:\/\/www.lamaisondelalchimiste.fr\/wp-content\/uploads\/2025\/09\/IMG-20250919-WA0008-724x1024.jpg 724w, https:\/\/www.lamaisondelalchimiste.fr\/wp-content\/uploads\/2025\/09\/IMG-20250919-WA0008-212x300.jpg 212w, https:\/\/www.lamaisondelalchimiste.fr\/wp-content\/uploads\/2025\/09\/IMG-20250919-WA0008-768x1086.jpg 768w, https:\/\/www.lamaisondelalchimiste.fr\/wp-content\/uploads\/2025\/09\/IMG-20250919-WA0008-42x60.jpg 42w, https:\/\/www.lamaisondelalchimiste.fr\/wp-content\/uploads\/2025\/09\/IMG-20250919-WA0008.jpg 905w\" sizes=\"auto, (max-width: 724px) 100vw, 724px\" \/><\/a><\/figure>\n<\/div>","protected":false},"excerpt":{"rendered":"<p>Cours \u00e0 la Maison de l&rsquo;Alchimiste Christian Bosio&nbsp;est professeur de yoga certifi\u00e9 par le Ramamani Iyengar Memorial Yoga Institute (RIMYI) de Pune (Inde) et membre &hellip; <\/p>\n","protected":false},"author":1,"featured_media":0,"parent":0,"menu_order":0,"comment_status":"closed","ping_status":"closed","template":"","meta":{"footnotes":""},"class_list":["post-1686","page","type-page","status-publish","hentry","latest_post"],"yoast_head":"<!-- This site is optimized with the Yoast SEO plugin v19.4 - https:\/\/yoast.com\/wordpress\/plugins\/seo\/ -->\n<title>Christian Bosio - CENTRE DE YOGA<\/title>\n<meta name=\"robots\" content=\"index, follow, max-snippet:-1, max-image-preview:large, max-video-preview:-1\" \/>\n<link rel=\"canonical\" href=\"https:\/\/www.lamaisondelalchimiste.fr\/?page_id=1686\" \/>\n<meta property=\"og:locale\" content=\"fr_FR\" \/>\n<meta property=\"og:type\" content=\"article\" \/>\n<meta property=\"og:title\" content=\"Christian Bosio - CENTRE DE YOGA\" \/>\n<meta property=\"og:description\" content=\"Cours \u00e0 la Maison de l&rsquo;Alchimiste Christian Bosio&nbsp;est professeur de yoga certifi\u00e9 par le Ramamani Iyengar Memorial Yoga Institute (RIMYI) de Pune (Inde) et membre &hellip;\" \/>\n<meta property=\"og:url\" content=\"https:\/\/www.lamaisondelalchimiste.fr\/?page_id=1686\" \/>\n<meta property=\"og:site_name\" content=\"CENTRE DE YOGA\" \/>\n<meta property=\"article:modified_time\" content=\"2026-03-30T11:30:14+00:00\" \/>\n<meta property=\"og:image\" content=\"https:\/\/www.lamaisondelalchimiste.fr\/wp-content\/uploads\/2023\/06\/christian-768x1024.jpg\" \/>\n<meta name=\"twitter:card\" content=\"summary_large_image\" \/>\n<meta name=\"twitter:label1\" content=\"Dur\u00e9e de lecture estim\u00e9e\" \/>\n\t<meta name=\"twitter:data1\" content=\"2 minutes\" \/>\n<script type=\"application\/ld+json\" class=\"yoast-schema-graph\">{\"@context\":\"https:\/\/schema.org\",\"@graph\":[{\"@type\":\"WebSite\",\"@id\":\"https:\/\/www.lamaisondelalchimiste.fr\/#website\",\"url\":\"https:\/\/www.lamaisondelalchimiste.fr\/\",\"name\":\"CENTRE DE YOGA\",\"description\":\"Hatha - Ashtanga - Iyengar - Vinyasa - Yin - Doux - Pilate - Massages - Th\u00e9rapies \",\"potentialAction\":[{\"@type\":\"SearchAction\",\"target\":{\"@type\":\"EntryPoint\",\"urlTemplate\":\"https:\/\/www.lamaisondelalchimiste.fr\/?s={search_term_string}\"},\"query-input\":\"required name=search_term_string\"}],\"inLanguage\":\"fr-FR\"},{\"@type\":\"WebPage\",\"@id\":\"https:\/\/www.lamaisondelalchimiste.fr\/?page_id=1686\",\"url\":\"https:\/\/www.lamaisondelalchimiste.fr\/?page_id=1686\",\"name\":\"Christian Bosio - CENTRE DE YOGA\",\"isPartOf\":{\"@id\":\"https:\/\/www.lamaisondelalchimiste.fr\/#website\"},\"datePublished\":\"2018-09-11T10:29:37+00:00\",\"dateModified\":\"2026-03-30T11:30:14+00:00\",\"breadcrumb\":{\"@id\":\"https:\/\/www.lamaisondelalchimiste.fr\/?page_id=1686#breadcrumb\"},\"inLanguage\":\"fr-FR\",\"potentialAction\":[{\"@type\":\"ReadAction\",\"target\":[\"https:\/\/www.lamaisondelalchimiste.fr\/?page_id=1686\"]}]},{\"@type\":\"BreadcrumbList\",\"@id\":\"https:\/\/www.lamaisondelalchimiste.fr\/?page_id=1686#breadcrumb\",\"itemListElement\":[{\"@type\":\"ListItem\",\"position\":1,\"name\":\"Accueil\",\"item\":\"https:\/\/www.lamaisondelalchimiste.fr\/\"},{\"@type\":\"ListItem\",\"position\":2,\"name\":\"Christian Bosio\"}]}]}<\/script>\n<!-- \/ Yoast SEO plugin. -->","yoast_head_json":{"title":"Christian Bosio - CENTRE DE YOGA","robots":{"index":"index","follow":"follow","max-snippet":"max-snippet:-1","max-image-preview":"max-image-preview:large","max-video-preview":"max-video-preview:-1"},"canonical":"https:\/\/www.lamaisondelalchimiste.fr\/?page_id=1686","og_locale":"fr_FR","og_type":"article","og_title":"Christian Bosio - CENTRE DE YOGA","og_description":"Cours \u00e0 la Maison de l&rsquo;Alchimiste Christian Bosio&nbsp;est professeur de yoga certifi\u00e9 par le Ramamani Iyengar Memorial Yoga Institute (RIMYI) de Pune (Inde) et membre &hellip;","og_url":"https:\/\/www.lamaisondelalchimiste.fr\/?page_id=1686","og_site_name":"CENTRE DE YOGA","article_modified_time":"2026-03-30T11:30:14+00:00","og_image":[{"url":"https:\/\/www.lamaisondelalchimiste.fr\/wp-content\/uploads\/2023\/06\/christian-768x1024.jpg"}],"twitter_card":"summary_large_image","twitter_misc":{"Dur\u00e9e de lecture estim\u00e9e":"2 minutes"},"schema":{"@context":"https:\/\/schema.org","@graph":[{"@type":"WebSite","@id":"https:\/\/www.lamaisondelalchimiste.fr\/#website","url":"https:\/\/www.lamaisondelalchimiste.fr\/","name":"CENTRE DE YOGA","description":"Hatha - Ashtanga - Iyengar - Vinyasa - Yin - Doux - Pilate - Massages - Th\u00e9rapies ","potentialAction":[{"@type":"SearchAction","target":{"@type":"EntryPoint","urlTemplate":"https:\/\/www.lamaisondelalchimiste.fr\/?s={search_term_string}"},"query-input":"required name=search_term_string"}],"inLanguage":"fr-FR"},{"@type":"WebPage","@id":"https:\/\/www.lamaisondelalchimiste.fr\/?page_id=1686","url":"https:\/\/www.lamaisondelalchimiste.fr\/?page_id=1686","name":"Christian Bosio - CENTRE DE YOGA","isPartOf":{"@id":"https:\/\/www.lamaisondelalchimiste.fr\/#website"},"datePublished":"2018-09-11T10:29:37+00:00","dateModified":"2026-03-30T11:30:14+00:00","breadcrumb":{"@id":"https:\/\/www.lamaisondelalchimiste.fr\/?page_id=1686#breadcrumb"},"inLanguage":"fr-FR","potentialAction":[{"@type":"ReadAction","target":["https:\/\/www.lamaisondelalchimiste.fr\/?page_id=1686"]}]},{"@type":"BreadcrumbList","@id":"https:\/\/www.lamaisondelalchimiste.fr\/?page_id=1686#breadcrumb","itemListElement":[{"@type":"ListItem","position":1,"name":"Accueil","item":"https:\/\/www.lamaisondelalchimiste.fr\/"},{"@type":"ListItem","position":2,"name":"Christian Bosio"}]}]}},"_links":{"self":[{"href":"https:\/\/www.lamaisondelalchimiste.fr\/index.php?rest_route=\/wp\/v2\/pages\/1686","targetHints":{"allow":["GET"]}}],"collection":[{"href":"https:\/\/www.lamaisondelalchimiste.fr\/index.php?rest_route=\/wp\/v2\/pages"}],"about":[{"href":"https:\/\/www.lamaisondelalchimiste.fr\/index.php?rest_route=\/wp\/v2\/types\/page"}],"author":[{"embeddable":true,"href":"https:\/\/www.lamaisondelalchimiste.fr\/index.php?rest_route=\/wp\/v2\/users\/1"}],"replies":[{"embeddable":true,"href":"https:\/\/www.lamaisondelalchimiste.fr\/index.php?rest_route=%2Fwp%2Fv2%2Fcomments&post=1686"}],"version-history":[{"count":6,"href":"https:\/\/www.lamaisondelalchimiste.fr\/index.php?rest_route=\/wp\/v2\/pages\/1686\/revisions"}],"predecessor-version":[{"id":4086,"href":"https:\/\/www.lamaisondelalchimiste.fr\/index.php?rest_route=\/wp\/v2\/pages\/1686\/revisions\/4086"}],"wp:attachment":[{"href":"https:\/\/www.lamaisondelalchimiste.fr\/index.php?rest_route=%2Fwp%2Fv2%2Fmedia&parent=1686"}],"curies":[{"name":"wp","href":"https:\/\/api.w.org\/{rel}","templated":true}]}}