{"id":1455,"date":"2018-03-01T09:19:03","date_gmt":"2018-03-01T08:19:03","guid":{"rendered":"http:\/\/www.lamaisondelalchimiste.fr\/?page_id=1455"},"modified":"2026-03-25T12:17:32","modified_gmt":"2026-03-25T11:17:32","slug":"tarifs","status":"publish","type":"page","link":"https:\/\/www.lamaisondelalchimiste.fr\/?page_id=1455","title":{"rendered":"Tarifs"},"content":{"rendered":"\n<p><\/p>\n\n\n\n<p>Quelque soit le formule choisie, vous avez acc\u00e8s \u00e0 tous les cours (sauf ceux notifi\u00e9s hors abonnement), vous n&rsquo;\u00eates pas engag\u00e9-e sur un cours fixe.<\/p>\n\n\n\n<p><\/p>\n\n\n<p><em><strong>CARTES (validit\u00e9 31 juillet 2026)<\/strong><\/em><\/p>\n<ul>\n<li>1 cours: 15 euros<\/li>\n<li>5 cours: 70 euros (soit 14 euros le cours)<\/li>\n<li>10 cours: 135 euros (soit 13,50 euros le cours)<\/li>\n<li>20 cours: 250 euros (soit 12,50 euros le cours)<\/li>\n<\/ul>\n<p><em><strong>\u00a0 \u00a0 \u00a0 \u00a0<\/strong><\/em><\/p>\n<p><em><strong>ABONNEMENTS (validit\u00e9 31 juillet 2026)<\/strong><\/em><\/p>\n<p><em><strong>Vous \u00eates libres de r\u00e9partir votre quota de cours comme vous le souhaitez sur l&rsquo;ann\u00e9e.<\/strong><\/em><\/p>\n<ul>\n<li>1 cours\/semaine (41 cours soit 10 euros le cours):<strong> 410 euros<\/strong> (<strong>34 euros\/mois)<\/strong><\/li>\n<li>2 cours\/semaine (82 cours soit 7,50 euros le cours): <strong>615 euros (51 euros\/mois)<\/strong><\/li>\n<\/ul>\n<p><em><strong>PAS COURS:<\/strong><\/em><\/p>\n<ul>\n<li>les jours f\u00e9ri\u00e9s<\/li>\n<li>la 2\u00e8me semaine des vacances scolaires<\/li>\n<li>les 2 semaines des vacances de No\u00ebl<\/li>\n<li>mois d&rsquo;ao\u00fbt jusque mi-septembre<\/li>\n<\/ul>\n<p><em><strong>Infos sur l&rsquo;organisation des cours<\/strong><\/em><\/p>\n<ul>\n<li>les cours se font sur r\u00e9servation sur <a href=\"http:\/\/resa.yogalchimie.deciplus.pro\/\" target=\"_blank\" rel=\"noopener\">le planning en ligne <\/a>ou par mail: yogalchimie@gmail.com<\/li>\n<\/ul>\n<ul>\n<li>Tout le mat\u00e9riel est disponible sur place (tapis, plaids, coussins, supports&#8230;)<\/li>\n<li>pour le r\u00e8glement: ch\u00e8que ou esp\u00e8ces en 1 fois\/ pr\u00e9l\u00e8vements mensuels (possible entre 1 \u00e0 12 fois)\/ <a href=\"https:\/\/member-app.deciplus.pro\/yogalchimie\/shop\" target=\"_blank\" rel=\"noopener\">paiement en ligne<\/a><\/li>\n<\/ul>","protected":false},"excerpt":{"rendered":"<p>Quelque soit le formule choisie, vous avez acc\u00e8s \u00e0 tous les cours (sauf ceux notifi\u00e9s hors abonnement), vous n&rsquo;\u00eates pas engag\u00e9-e sur un cours fixe. &hellip; <\/p>\n","protected":false},"author":1,"featured_media":0,"parent":0,"menu_order":0,"comment_status":"closed","ping_status":"closed","template":"","meta":{"footnotes":""},"class_list":["post-1455","page","type-page","status-publish","hentry","latest_post"],"yoast_head":"<!-- This site is optimized with the Yoast SEO plugin v19.4 - https:\/\/yoast.com\/wordpress\/plugins\/seo\/ -->\n<title>Tarifs - CENTRE DE YOGA<\/title>\n<meta name=\"robots\" content=\"index, follow, max-snippet:-1, max-image-preview:large, max-video-preview:-1\" \/>\n<link rel=\"canonical\" href=\"https:\/\/www.lamaisondelalchimiste.fr\/?page_id=1455\" \/>\n<meta property=\"og:locale\" content=\"fr_FR\" \/>\n<meta property=\"og:type\" content=\"article\" \/>\n<meta property=\"og:title\" content=\"Tarifs - CENTRE DE YOGA\" \/>\n<meta property=\"og:description\" content=\"Quelque soit le formule choisie, vous avez acc\u00e8s \u00e0 tous les cours (sauf ceux notifi\u00e9s hors abonnement), vous n&rsquo;\u00eates pas engag\u00e9-e sur un cours fixe. &hellip;\" \/>\n<meta property=\"og:url\" content=\"https:\/\/www.lamaisondelalchimiste.fr\/?page_id=1455\" \/>\n<meta property=\"og:site_name\" content=\"CENTRE DE YOGA\" \/>\n<meta property=\"article:modified_time\" content=\"2026-03-25T11:17:32+00:00\" \/>\n<meta name=\"twitter:card\" content=\"summary_large_image\" \/>\n<meta name=\"twitter:label1\" content=\"Dur\u00e9e de lecture estim\u00e9e\" \/>\n\t<meta name=\"twitter:data1\" content=\"1 minute\" \/>\n<script type=\"application\/ld+json\" class=\"yoast-schema-graph\">{\"@context\":\"https:\/\/schema.org\",\"@graph\":[{\"@type\":\"WebSite\",\"@id\":\"https:\/\/www.lamaisondelalchimiste.fr\/#website\",\"url\":\"https:\/\/www.lamaisondelalchimiste.fr\/\",\"name\":\"CENTRE DE YOGA\",\"description\":\"Hatha - Ashtanga - Iyengar - Vinyasa - Yin - Doux - Pilate - Massages - Th\u00e9rapies \",\"potentialAction\":[{\"@type\":\"SearchAction\",\"target\":{\"@type\":\"EntryPoint\",\"urlTemplate\":\"https:\/\/www.lamaisondelalchimiste.fr\/?s={search_term_string}\"},\"query-input\":\"required name=search_term_string\"}],\"inLanguage\":\"fr-FR\"},{\"@type\":\"WebPage\",\"@id\":\"https:\/\/www.lamaisondelalchimiste.fr\/?page_id=1455\",\"url\":\"https:\/\/www.lamaisondelalchimiste.fr\/?page_id=1455\",\"name\":\"Tarifs - CENTRE DE YOGA\",\"isPartOf\":{\"@id\":\"https:\/\/www.lamaisondelalchimiste.fr\/#website\"},\"datePublished\":\"2018-03-01T08:19:03+00:00\",\"dateModified\":\"2026-03-25T11:17:32+00:00\",\"breadcrumb\":{\"@id\":\"https:\/\/www.lamaisondelalchimiste.fr\/?page_id=1455#breadcrumb\"},\"inLanguage\":\"fr-FR\",\"potentialAction\":[{\"@type\":\"ReadAction\",\"target\":[\"https:\/\/www.lamaisondelalchimiste.fr\/?page_id=1455\"]}]},{\"@type\":\"BreadcrumbList\",\"@id\":\"https:\/\/www.lamaisondelalchimiste.fr\/?page_id=1455#breadcrumb\",\"itemListElement\":[{\"@type\":\"ListItem\",\"position\":1,\"name\":\"Accueil\",\"item\":\"https:\/\/www.lamaisondelalchimiste.fr\/\"},{\"@type\":\"ListItem\",\"position\":2,\"name\":\"Tarifs\"}]}]}<\/script>\n<!-- \/ Yoast SEO plugin. -->","yoast_head_json":{"title":"Tarifs - CENTRE DE YOGA","robots":{"index":"index","follow":"follow","max-snippet":"max-snippet:-1","max-image-preview":"max-image-preview:large","max-video-preview":"max-video-preview:-1"},"canonical":"https:\/\/www.lamaisondelalchimiste.fr\/?page_id=1455","og_locale":"fr_FR","og_type":"article","og_title":"Tarifs - CENTRE DE YOGA","og_description":"Quelque soit le formule choisie, vous avez acc\u00e8s \u00e0 tous les cours (sauf ceux notifi\u00e9s hors abonnement), vous n&rsquo;\u00eates pas engag\u00e9-e sur un cours fixe. &hellip;","og_url":"https:\/\/www.lamaisondelalchimiste.fr\/?page_id=1455","og_site_name":"CENTRE DE YOGA","article_modified_time":"2026-03-25T11:17:32+00:00","twitter_card":"summary_large_image","twitter_misc":{"Dur\u00e9e de lecture estim\u00e9e":"1 minute"},"schema":{"@context":"https:\/\/schema.org","@graph":[{"@type":"WebSite","@id":"https:\/\/www.lamaisondelalchimiste.fr\/#website","url":"https:\/\/www.lamaisondelalchimiste.fr\/","name":"CENTRE DE YOGA","description":"Hatha - Ashtanga - Iyengar - Vinyasa - Yin - Doux - Pilate - Massages - Th\u00e9rapies ","potentialAction":[{"@type":"SearchAction","target":{"@type":"EntryPoint","urlTemplate":"https:\/\/www.lamaisondelalchimiste.fr\/?s={search_term_string}"},"query-input":"required name=search_term_string"}],"inLanguage":"fr-FR"},{"@type":"WebPage","@id":"https:\/\/www.lamaisondelalchimiste.fr\/?page_id=1455","url":"https:\/\/www.lamaisondelalchimiste.fr\/?page_id=1455","name":"Tarifs - CENTRE DE YOGA","isPartOf":{"@id":"https:\/\/www.lamaisondelalchimiste.fr\/#website"},"datePublished":"2018-03-01T08:19:03+00:00","dateModified":"2026-03-25T11:17:32+00:00","breadcrumb":{"@id":"https:\/\/www.lamaisondelalchimiste.fr\/?page_id=1455#breadcrumb"},"inLanguage":"fr-FR","potentialAction":[{"@type":"ReadAction","target":["https:\/\/www.lamaisondelalchimiste.fr\/?page_id=1455"]}]},{"@type":"BreadcrumbList","@id":"https:\/\/www.lamaisondelalchimiste.fr\/?page_id=1455#breadcrumb","itemListElement":[{"@type":"ListItem","position":1,"name":"Accueil","item":"https:\/\/www.lamaisondelalchimiste.fr\/"},{"@type":"ListItem","position":2,"name":"Tarifs"}]}]}},"_links":{"self":[{"href":"https:\/\/www.lamaisondelalchimiste.fr\/index.php?rest_route=\/wp\/v2\/pages\/1455","targetHints":{"allow":["GET"]}}],"collection":[{"href":"https:\/\/www.lamaisondelalchimiste.fr\/index.php?rest_route=\/wp\/v2\/pages"}],"about":[{"href":"https:\/\/www.lamaisondelalchimiste.fr\/index.php?rest_route=\/wp\/v2\/types\/page"}],"author":[{"embeddable":true,"href":"https:\/\/www.lamaisondelalchimiste.fr\/index.php?rest_route=\/wp\/v2\/users\/1"}],"replies":[{"embeddable":true,"href":"https:\/\/www.lamaisondelalchimiste.fr\/index.php?rest_route=%2Fwp%2Fv2%2Fcomments&post=1455"}],"version-history":[{"count":68,"href":"https:\/\/www.lamaisondelalchimiste.fr\/index.php?rest_route=\/wp\/v2\/pages\/1455\/revisions"}],"predecessor-version":[{"id":4046,"href":"https:\/\/www.lamaisondelalchimiste.fr\/index.php?rest_route=\/wp\/v2\/pages\/1455\/revisions\/4046"}],"wp:attachment":[{"href":"https:\/\/www.lamaisondelalchimiste.fr\/index.php?rest_route=%2Fwp%2Fv2%2Fmedia&parent=1455"}],"curies":[{"name":"wp","href":"https:\/\/api.w.org\/{rel}","templated":true}]}}